{"id":6519,"date":"2024-06-04T08:13:47","date_gmt":"2024-06-04T08:13:47","guid":{"rendered":"https:\/\/anastasia-mcqueen.com\/saxofonista-para-bodas-2\/"},"modified":"2024-06-11T08:58:15","modified_gmt":"2024-06-11T08:58:15","slug":"saxofonista-para-bodas","status":"publish","type":"page","link":"https:\/\/anastasia-mcqueen.com\/es\/saxofonista-para-bodas\/","title":{"rendered":"Saxofonista para Bodas"},"content":{"rendered":"<section class=\"wpb-content-wrapper\"><p>[vc_row video_bg=\u00bbyoutube\u00bb video_bg_url=\u00bbhttps:\/\/youtu.be\/L2H0Jf2ptzQ\u00bb parallax=\u00bbyes\u00bb el_id=\u00bbfirst\u00bb content_width=\u00bbfullwidth\u00bb fullscreen=\u00bbyes\u00bb video=\u00bbL2H0Jf2ptzQ\u00bb css=\u00bb.vc_custom_1717394724300{padding-top: 0px !important;padding-bottom: 0px !important;}\u00bb fullwidth=\u00bbyes\u00bb row_width=\u00bbfullwidth\u00bb][vc_column][vc_column_text]<br \/>\n[\/vc_column_text][\/vc_column][\/vc_row][vc_row full_height=\u00bbyes\u00bb el_id=\u00bbbienvenida\u00bb color_scheme=\u00bbwhite\u00bb bg_overlay=\u00bbdots_dark\u00bb][vc_column][vc_column_text]<br \/>\n[\/vc_column_text][vc_column_text]<br \/>\n[\/vc_column_text][vc_custom_heading text=\u00bbContrata una Saxofonista Profesional para tu Boda de Ensue\u00f1o\u00bb font_container=\u00bbtag:h1|text_align:left\u00bb use_theme_fonts=\u00bbyes\u00bb css_animation=\u00bbfadeIn\u00bb el_class=\u00bbanimated vntd-animated fadeInUp visible\u00bb][vc_column_text css_animation=\u00bbfadeIn\u00bb]<\/p>\n<p class=\"white\">Si quieres que tu boda sea inolvidable, Anastasia McQueen es la saxofonista perfecta para bodas en Ibiza y en todo el mundo. Ya sea que est\u00e9 planeando una boda en Dubai, M\u00f3naco, Francia, Barcelona, \u200b\u200bMadrid o cualquier otro destino, Anastasia McQueen es la opci\u00f3n ideal para realzar su d\u00eda especial.<\/p>\n<p class=\"white\"><strong>Experiencia y Excelencia<\/strong><\/p>\n<p class=\"white\">Con m\u00e1s de 15 a\u00f1os de experiencia en presentaciones de saxof\u00f3n y entretenimiento de bodas, Anastasia McQueen ha deleitado a innumerables parejas con su talento excepcional. Su capacidad para a\u00f1adir un toque \u00fanico y encantador a las bodas la ha convertido en una de las favoritas entre las novias y los novios de todo el mundo.<\/p>\n<p class=\"white\"><strong>Colaboraci\u00f3n perfecta con DJ de bodas<\/strong><\/p>\n<p class=\"white\">Anastasia es conocida por su perfecta colaboraci\u00f3n con los DJs de bodas. Proporciona una lista de reproducci\u00f3n especialmente curada de m\u00fasica de saxof\u00f3n que se integra con el set del DJ, asegurando una experiencia musical armoniosa y din\u00e1mica a lo largo de toda la boda.<\/p>\n<p class=\"white\"><strong>Ambiente inolvidable para una fiesta de bodas<\/strong><\/p>\n<p class=\"white\">Las actuaciones de Anastasia son famosas por transformar la pista de baile en una celebraci\u00f3n animada. Ella anima plenamente a los invitados a unirse a los novios, creando momentos m\u00e1gicos durante el primer baile y m\u00e1s all\u00e1. Su m\u00fasica establece el tono perfecto para una fiesta de bodas que familiares y amigos recordar\u00e1n para siempre, haciendo que su fiesta sea realmente inolvidable.<\/p>\n<p>Contrata a Anastasia McQueen, saxofonista para bodas, y deja que su m\u00fasica haga de tu boda una celebraci\u00f3n memorable de amor y alegr\u00eda.[\/vc_column_text][\/vc_column][\/vc_row][vc_row css_animation=\u00bbfadeIn\u00bb el_id=\u00bbcontact\u00bb color_scheme=\u00bbwhite\u00bb css=\u00bb.vc_custom_1717943879707{background-image: url(https:\/\/anastasia-mcqueen.com\/wp-content\/uploads\/2024\/06\/Anastasia-McQueen-sax-18-8.jpg?id=6923) !important;background-position: center !important;background-repeat: no-repeat !important;background-size: cover !important;}\u00bb darken=\u00bblight\u00bb el_class=\u00bbcontact-bkg\u00bb][vc_column width=\u00bb1\/2&#8243;][vc_row_inner css=\u00bb.vc_custom_1581594328565{padding-top: 20px !important;padding-bottom: 10px !important;}\u00bb][vc_column_inner css=\u00bb.vc_custom_1717332436731{background-color: rgba(170,170,170,0.4) !important;*background-color: rgb(170,170,170) !important;}\u00bb][vc_custom_heading text=\u00bbFormulario de Contacto\u00bb font_container=\u00bbtag:h4|font_size:18|text_align:center|color:%23ffffff\u00bb google_fonts=\u00bbfont_family:Oswald%3A300%2Cregular%2C700|font_style:700%20bold%20regular%3A700%3Anormal\u00bb css_animation=\u00bbfadeIn\u00bb css=\u00bb.vc_custom_1717929063789{margin-top: 0px !important;margin-right: 0px !important;margin-bottom: 0px !important;margin-left: 0px !important;padding-top: 10px !important;padding-right: 10px !important;padding-bottom: 10px !important;padding-left: 10px !important;}\u00bb]<div class=\"contact font-primary\">\n<div class=\"wpcf7 no-js\" id=\"wpcf7-f3670-o1\" lang=\"en-US\" dir=\"ltr\" data-wpcf7-id=\"3670\">\n<div class=\"screen-reader-response\"><p role=\"status\" aria-live=\"polite\" aria-atomic=\"true\"><\/p> <ul><\/ul><\/div>\n<form action=\"\/es\/wp-json\/wp\/v2\/pages\/6519#wpcf7-f3670-o1\" method=\"post\" class=\"wpcf7-form init\" aria-label=\"Contact form\" novalidate=\"novalidate\" data-status=\"init\">\n<fieldset class=\"hidden-fields-container\"><input type=\"hidden\" name=\"_wpcf7\" value=\"3670\" \/><input type=\"hidden\" name=\"_wpcf7_version\" value=\"6.1.2\" \/><input type=\"hidden\" name=\"_wpcf7_locale\" value=\"en_US\" \/><input type=\"hidden\" name=\"_wpcf7_unit_tag\" value=\"wpcf7-f3670-o1\" \/><input type=\"hidden\" name=\"_wpcf7_container_post\" value=\"0\" \/><input type=\"hidden\" name=\"_wpcf7_posted_data_hash\" value=\"\" \/><input type=\"hidden\" name=\"_wpcf7_recaptcha_response\" value=\"\" \/>\n<\/fieldset>\n<div class=\"col-md-12\">\n\t<p class=\"form-customer\">\n\t<\/p>\n\t<p><span class=\"wpcf7-form-control-wrap\" data-name=\"name-i\"><input size=\"40\" maxlength=\"400\" class=\"wpcf7-form-control wpcf7-text wpcf7-validates-as-required\" aria-required=\"true\" aria-invalid=\"false\" placeholder=\"Nombre\" value=\"\" type=\"text\" name=\"name-i\" \/><\/span>\n\t<\/p>\n<\/div>\n<div class=\"col-md-12\">\n\t<p class=\"form-customer\">\n\t<\/p>\n\t<p><span class=\"wpcf7-form-control-wrap\" data-name=\"tel-i\"><input size=\"40\" maxlength=\"400\" class=\"wpcf7-form-control wpcf7-text\" aria-invalid=\"false\" placeholder=\"Telefono\" value=\"\" type=\"text\" name=\"tel-i\" \/><\/span>\n\t<\/p>\n<\/div>\n<div class=\"col-md-12\">\n\t<p class=\"form-customer\">\n\t<\/p>\n\t<p><span class=\"wpcf7-form-control-wrap\" data-name=\"email-i\"><input size=\"40\" maxlength=\"400\" class=\"wpcf7-form-control wpcf7-email wpcf7-validates-as-required wpcf7-text wpcf7-validates-as-email\" aria-required=\"true\" aria-invalid=\"false\" placeholder=\"Email\" value=\"\" type=\"email\" name=\"email-i\" \/><\/span>\n\t<\/p>\n<\/div>\n<div class=\"col-md-12\">\n\t<p class=\"form-customer\">\n\t<\/p>\n\t<p><span class=\"wpcf7-form-control-wrap\" data-name=\"date-i\"><input size=\"40\" maxlength=\"400\" class=\"wpcf7-form-control wpcf7-text\" aria-invalid=\"false\" placeholder=\"Fecha del evento\" value=\"\" type=\"text\" name=\"date-i\" \/><\/span>\n\t<\/p>\n<\/div>\n<div class=\"col-md-12\">\n\t<p class=\"form-customer\">\n\t<\/p>\n\t<p><span class=\"wpcf7-form-control-wrap\" data-name=\"place-i\"><input size=\"40\" maxlength=\"400\" class=\"wpcf7-form-control wpcf7-text\" aria-invalid=\"false\" placeholder=\"Lugar del evento\" value=\"\" type=\"text\" name=\"place-i\" \/><\/span>\n\t<\/p>\n<\/div>\n<div class=\"col-md-12\">\n\t<p class=\"form-customer\">\n\t<\/p>\n\t<p><span class=\"wpcf7-form-control-wrap\" data-name=\"num-i\"><input size=\"40\" maxlength=\"400\" class=\"wpcf7-form-control wpcf7-text\" aria-invalid=\"false\" placeholder=\"Numero de invitados\" value=\"\" type=\"text\" name=\"num-i\" \/><\/span>\n\t<\/p>\n<\/div>\n<div class=\"col-md-12\">\n\t<p class=\"form-customer\">\n\t<\/p>\n\t<p><span class=\"wpcf7-form-control-wrap\" data-name=\"asunto-i\"><input size=\"40\" maxlength=\"400\" class=\"wpcf7-form-control wpcf7-text\" aria-invalid=\"false\" placeholder=\"Asunto\" value=\"\" type=\"text\" name=\"asunto-i\" \/><\/span>\n\t<\/p>\n<\/div>\n<div class=\"col-md-12\">\n\t<p class=\"form-customer\">\n\t<\/p>\n\t<p><span class=\"wpcf7-form-control-wrap\" data-name=\"other-info\"><textarea cols=\"40\" rows=\"10\" maxlength=\"2000\" class=\"wpcf7-form-control wpcf7-textarea wpcf7-validates-as-required\" aria-required=\"true\" aria-invalid=\"false\" placeholder=\"OTRA INFO\" name=\"other-info\"><\/textarea><\/span>\n\t<\/p>\n<\/div>\n<div class=\"clearfix\">\n<\/div>\n<div class=\"rgpd\">\n\t<p><span>Responsable\/Identidad: Q Premium group ibiza S.L. - CIF: B57953275 - Dir. postal: Av. Pedro Matutes Noguera 40 CP:07800 Illes Ballears (Espa\u00f1a), Correo Electr\u00f3nico: info@anastasia-mcqueen.com.<\/span>\n\t<\/p>\n\t<p><span>En nombre de la empresa tratamos la informaci\u00f3n que nos facilita con el fin de prestarles el servicio solicitado, realizar la facturaci\u00f3n del mismo. Los datos proporcionados se conservar\u00e1n mientras se mantenga la relaci\u00f3n comercial o durante los a\u00f1os necesarios para cumplir con las obligaciones legales. Los datos no se ceder\u00e1n a terceros salvo en los casos en que exista una obligaci\u00f3n legal. Usted tiene derecho a obtener confirmaci\u00f3n sobre si en Q Premium group ibiza S.L. estamos tratando sus datos personales por tanto tiene derecho a acceder a sus datos personales, rectificar los datos inexactos o solicitar su supresi\u00f3n cuando los datos ya no sean necesarios.<\/span>\n\t<\/p>\n\t<p><span>Asimismo solicito su autorizaci\u00f3n para ofrecerle productos y servicios relacionados con los solicitados y fidelizarle como cliente.<\/span>\n\t<\/p>\n\t<p><span class=\"wpcf7-form-control-wrap\" data-name=\"checkbox-1\"><span class=\"wpcf7-form-control wpcf7-checkbox wpcf7-validates-as-required wpcf7-exclusive-checkbox\"><span class=\"wpcf7-list-item first\"><input type=\"checkbox\" name=\"checkbox-1\" value=\"SI\" \/><span class=\"wpcf7-list-item-label\">SI<\/span><\/span><span class=\"wpcf7-list-item last\"><input type=\"checkbox\" name=\"checkbox-1\" value=\"NO\" \/><span class=\"wpcf7-list-item-label\">NO<\/span><\/span><\/span><\/span>\n\t<\/p>\n<\/div>\n<div class=\"col-md-12\">\n\t<p><input class=\"wpcf7-form-control wpcf7-submit has-spinner\" type=\"submit\" value=\"Enviar\" \/>\n\t<\/p>\n<\/div><p style=\"display: none !important;\" class=\"akismet-fields-container\" data-prefix=\"_wpcf7_ak_\"><label>&#916;<textarea name=\"_wpcf7_ak_hp_textarea\" cols=\"45\" rows=\"8\" maxlength=\"100\"><\/textarea><\/label><input type=\"hidden\" id=\"ak_js_1\" name=\"_wpcf7_ak_js\" value=\"38\"\/><script>document.getElementById( \"ak_js_1\" ).setAttribute( \"value\", ( new Date() ).getTime() );<\/script><\/p><div class=\"wpcf7-response-output\" aria-hidden=\"true\"><\/div>\n<\/form>\n<\/div>\n<\/div>[vc_column_text css=\u00bb.vc_custom_1718096293487{margin-bottom: 30px !important;}\u00bb]<\/p>\n<div class=\"telefono\"><i class=\"fa fa-mail\"><\/i><span style=\"color: #ffffff;\"> info@anastasia-mcqueen.com<\/span><\/div>\n<div class=\"telefono\"><i class=\"fa fa-mobile\"><\/i><a href=\"tel:+34%20646%20139%20249\"><span style=\"color: #ffffff;\"> +34 646 139 249<\/span><\/a><\/div>\n<p>[\/vc_column_text][\/vc_column_inner][\/vc_row_inner][\/vc_column][vc_column width=\u00bb1\/2&#8243; el_class=\u00bbenc_form\u00bb][\/vc_column][\/vc_row]<\/p>\n<\/section>","protected":false},"excerpt":{"rendered":"<p>[vc_row video_bg=\u00bbyoutube\u00bb video_bg_url=\u00bbhttps:\/\/youtu.be\/L2H0Jf2ptzQ\u00bb parallax=\u00bbyes\u00bb el_id=\u00bbfirst\u00bb content_width=\u00bbfullwidth\u00bb fullscreen=\u00bbyes\u00bb video=\u00bbL2H0Jf2ptzQ\u00bb css=\u00bb.vc_custom_1717394724300{padding-top: 0px !important;padding-bottom: 0px !important;}\u00bb fullwidth=\u00bbyes\u00bb row_width=\u00bbfullwidth\u00bb][vc_column][vc_column_text] [\/vc_column_text][\/vc_column][\/vc_row][vc_row full_height=\u00bbyes\u00bb el_id=\u00bbbienvenida\u00bb color_scheme=\u00bbwhite\u00bb bg_overlay=\u00bbdots_dark\u00bb][vc_column][vc_column_text] [\/vc_column_text][vc_column_text] [\/vc_column_text][vc_custom_heading text=\u00bbContrata una Saxofonista Profesional para tu Boda de Ensue\u00f1o\u00bb font_container=\u00bbtag:h1|text_align:left\u00bb use_theme_fonts=\u00bbyes\u00bb css_animation=\u00bbfadeIn\u00bb el_class=\u00bbanimated vntd-animated fadeInUp visible\u00bb][vc_column_text css_animation=\u00bbfadeIn\u00bb] Si quieres que tu boda sea inolvidable, Anastasia McQueen es la saxofonista perfecta para bodas en Ibiza y en todo el mundo. Ya sea que est\u00e9 planeando una boda en Dubai, [&hellip;]<\/p>\n","protected":false},"author":5,"featured_media":0,"parent":0,"menu_order":0,"comment_status":"open","ping_status":"closed","template":"template-onepager.php","meta":{"footnotes":""},"class_list":["post-6519","page","type-page","status-publish","hentry"],"yoast_head":"<!-- This site is optimized with the Yoast SEO plugin v26.1.1 - https:\/\/yoast.com\/wordpress\/plugins\/seo\/ -->\n<title>Anastasia McQueen - La espectacular saxofonista de Ibiza<\/title>\n<meta name=\"description\" content=\"\u00a1Reserva a la saxofonista Anastasia Mcqueen Ibiza Sax para tocar en tu evento especial y llevar la fiesta al siguiente nivel! \u00a1Ibiza, Dub\u00e1i, M\u00f3naco y m\u00e1s!\" \/>\n<meta name=\"robots\" content=\"index, follow, max-snippet:-1, max-image-preview:large, max-video-preview:-1\" \/>\n<link rel=\"canonical\" href=\"https:\/\/anastasia-mcqueen.com\/es\/saxofonista-para-bodas\/\" \/>\n<meta property=\"og:locale\" content=\"es_ES\" \/>\n<meta property=\"og:type\" content=\"article\" \/>\n<meta property=\"og:title\" content=\"Anastasia McQueen - La espectacular saxofonista de Ibiza\" \/>\n<meta property=\"og:description\" content=\"\u00a1Reserva a la saxofonista Anastasia Mcqueen Ibiza Sax para tocar en tu evento especial y llevar la fiesta al siguiente nivel! \u00a1Ibiza, Dub\u00e1i, M\u00f3naco y m\u00e1s!\" \/>\n<meta property=\"og:url\" content=\"https:\/\/anastasia-mcqueen.com\/es\/saxofonista-para-bodas\/\" \/>\n<meta property=\"og:site_name\" content=\"Anastasia Mcqueen\" \/>\n<meta property=\"article:modified_time\" content=\"2024-06-11T08:58:15+00:00\" \/>\n<meta property=\"og:image\" content=\"https:\/\/anastasia-mcqueen.com\/wp-content\/uploads\/2019\/10\/logo_compressed2.png\" \/>\n\t<meta property=\"og:image:width\" content=\"999\" \/>\n\t<meta property=\"og:image:height\" content=\"444\" \/>\n\t<meta property=\"og:image:type\" content=\"image\/png\" \/>\n<meta name=\"twitter:card\" content=\"summary_large_image\" \/>\n<meta name=\"twitter:label1\" content=\"Tiempo de lectura\" \/>\n\t<meta name=\"twitter:data1\" content=\"2 minutos\" \/>\n<script type=\"application\/ld+json\" class=\"yoast-schema-graph\">{\"@context\":\"https:\/\/schema.org\",\"@graph\":[{\"@type\":\"WebPage\",\"@id\":\"https:\/\/anastasia-mcqueen.com\/es\/saxofonista-para-bodas\/\",\"url\":\"https:\/\/anastasia-mcqueen.com\/es\/saxofonista-para-bodas\/\",\"name\":\"Anastasia McQueen - La espectacular saxofonista de Ibiza\",\"isPartOf\":{\"@id\":\"https:\/\/anastasia-mcqueen.com\/#website\"},\"datePublished\":\"2024-06-04T08:13:47+00:00\",\"dateModified\":\"2024-06-11T08:58:15+00:00\",\"description\":\"\u00a1Reserva a la saxofonista Anastasia Mcqueen Ibiza Sax para tocar en tu evento especial y llevar la fiesta al siguiente nivel! \u00a1Ibiza, Dub\u00e1i, M\u00f3naco y m\u00e1s!\",\"breadcrumb\":{\"@id\":\"https:\/\/anastasia-mcqueen.com\/es\/saxofonista-para-bodas\/#breadcrumb\"},\"inLanguage\":\"es\",\"potentialAction\":[{\"@type\":\"ReadAction\",\"target\":[\"https:\/\/anastasia-mcqueen.com\/es\/saxofonista-para-bodas\/\"]}]},{\"@type\":\"BreadcrumbList\",\"@id\":\"https:\/\/anastasia-mcqueen.com\/es\/saxofonista-para-bodas\/#breadcrumb\",\"itemListElement\":[{\"@type\":\"ListItem\",\"position\":1,\"name\":\"Home\",\"item\":\"https:\/\/anastasia-mcqueen.com\/es\/\"},{\"@type\":\"ListItem\",\"position\":2,\"name\":\"Saxofonista para Bodas\"}]},{\"@type\":\"WebSite\",\"@id\":\"https:\/\/anastasia-mcqueen.com\/#website\",\"url\":\"https:\/\/anastasia-mcqueen.com\/\",\"name\":\"Anastasia Mcqueen\",\"description\":\"International female saxophone player based in Ibiza\",\"publisher\":{\"@id\":\"https:\/\/anastasia-mcqueen.com\/#\/schema\/person\/8b63f14e0c523261f55ce6f01812b668\"},\"potentialAction\":[{\"@type\":\"SearchAction\",\"target\":{\"@type\":\"EntryPoint\",\"urlTemplate\":\"https:\/\/anastasia-mcqueen.com\/?s={search_term_string}\"},\"query-input\":{\"@type\":\"PropertyValueSpecification\",\"valueRequired\":true,\"valueName\":\"search_term_string\"}}],\"inLanguage\":\"es\"},{\"@type\":[\"Person\",\"Organization\"],\"@id\":\"https:\/\/anastasia-mcqueen.com\/#\/schema\/person\/8b63f14e0c523261f55ce6f01812b668\",\"name\":\"anastasia-mcqueen\",\"logo\":{\"@id\":\"https:\/\/anastasia-mcqueen.com\/#\/schema\/person\/image\/\"}}]}<\/script>\n<!-- \/ Yoast SEO plugin. -->","yoast_head_json":{"title":"Anastasia McQueen - La espectacular saxofonista de Ibiza","description":"\u00a1Reserva a la saxofonista Anastasia Mcqueen Ibiza Sax para tocar en tu evento especial y llevar la fiesta al siguiente nivel! \u00a1Ibiza, Dub\u00e1i, M\u00f3naco y m\u00e1s!","robots":{"index":"index","follow":"follow","max-snippet":"max-snippet:-1","max-image-preview":"max-image-preview:large","max-video-preview":"max-video-preview:-1"},"canonical":"https:\/\/anastasia-mcqueen.com\/es\/saxofonista-para-bodas\/","og_locale":"es_ES","og_type":"article","og_title":"Anastasia McQueen - La espectacular saxofonista de Ibiza","og_description":"\u00a1Reserva a la saxofonista Anastasia Mcqueen Ibiza Sax para tocar en tu evento especial y llevar la fiesta al siguiente nivel! \u00a1Ibiza, Dub\u00e1i, M\u00f3naco y m\u00e1s!","og_url":"https:\/\/anastasia-mcqueen.com\/es\/saxofonista-para-bodas\/","og_site_name":"Anastasia Mcqueen","article_modified_time":"2024-06-11T08:58:15+00:00","og_image":[{"width":999,"height":444,"url":"https:\/\/anastasia-mcqueen.com\/wp-content\/uploads\/2019\/10\/logo_compressed2.png","type":"image\/png"}],"twitter_card":"summary_large_image","twitter_misc":{"Tiempo de lectura":"2 minutos"},"schema":{"@context":"https:\/\/schema.org","@graph":[{"@type":"WebPage","@id":"https:\/\/anastasia-mcqueen.com\/es\/saxofonista-para-bodas\/","url":"https:\/\/anastasia-mcqueen.com\/es\/saxofonista-para-bodas\/","name":"Anastasia McQueen - La espectacular saxofonista de Ibiza","isPartOf":{"@id":"https:\/\/anastasia-mcqueen.com\/#website"},"datePublished":"2024-06-04T08:13:47+00:00","dateModified":"2024-06-11T08:58:15+00:00","description":"\u00a1Reserva a la saxofonista Anastasia Mcqueen Ibiza Sax para tocar en tu evento especial y llevar la fiesta al siguiente nivel! \u00a1Ibiza, Dub\u00e1i, M\u00f3naco y m\u00e1s!","breadcrumb":{"@id":"https:\/\/anastasia-mcqueen.com\/es\/saxofonista-para-bodas\/#breadcrumb"},"inLanguage":"es","potentialAction":[{"@type":"ReadAction","target":["https:\/\/anastasia-mcqueen.com\/es\/saxofonista-para-bodas\/"]}]},{"@type":"BreadcrumbList","@id":"https:\/\/anastasia-mcqueen.com\/es\/saxofonista-para-bodas\/#breadcrumb","itemListElement":[{"@type":"ListItem","position":1,"name":"Home","item":"https:\/\/anastasia-mcqueen.com\/es\/"},{"@type":"ListItem","position":2,"name":"Saxofonista para Bodas"}]},{"@type":"WebSite","@id":"https:\/\/anastasia-mcqueen.com\/#website","url":"https:\/\/anastasia-mcqueen.com\/","name":"Anastasia Mcqueen","description":"International female saxophone player based in Ibiza","publisher":{"@id":"https:\/\/anastasia-mcqueen.com\/#\/schema\/person\/8b63f14e0c523261f55ce6f01812b668"},"potentialAction":[{"@type":"SearchAction","target":{"@type":"EntryPoint","urlTemplate":"https:\/\/anastasia-mcqueen.com\/?s={search_term_string}"},"query-input":{"@type":"PropertyValueSpecification","valueRequired":true,"valueName":"search_term_string"}}],"inLanguage":"es"},{"@type":["Person","Organization"],"@id":"https:\/\/anastasia-mcqueen.com\/#\/schema\/person\/8b63f14e0c523261f55ce6f01812b668","name":"anastasia-mcqueen","logo":{"@id":"https:\/\/anastasia-mcqueen.com\/#\/schema\/person\/image\/"}}]}},"_links":{"self":[{"href":"https:\/\/anastasia-mcqueen.com\/es\/wp-json\/wp\/v2\/pages\/6519","targetHints":{"allow":["GET"]}}],"collection":[{"href":"https:\/\/anastasia-mcqueen.com\/es\/wp-json\/wp\/v2\/pages"}],"about":[{"href":"https:\/\/anastasia-mcqueen.com\/es\/wp-json\/wp\/v2\/types\/page"}],"author":[{"embeddable":true,"href":"https:\/\/anastasia-mcqueen.com\/es\/wp-json\/wp\/v2\/users\/5"}],"replies":[{"embeddable":true,"href":"https:\/\/anastasia-mcqueen.com\/es\/wp-json\/wp\/v2\/comments?post=6519"}],"version-history":[{"count":6,"href":"https:\/\/anastasia-mcqueen.com\/es\/wp-json\/wp\/v2\/pages\/6519\/revisions"}],"predecessor-version":[{"id":7111,"href":"https:\/\/anastasia-mcqueen.com\/es\/wp-json\/wp\/v2\/pages\/6519\/revisions\/7111"}],"wp:attachment":[{"href":"https:\/\/anastasia-mcqueen.com\/es\/wp-json\/wp\/v2\/media?parent=6519"}],"curies":[{"name":"wp","href":"https:\/\/api.w.org\/{rel}","templated":true}]}}