{"id":6396,"date":"2024-06-04T06:51:59","date_gmt":"2024-06-04T06:51:59","guid":{"rendered":"https:\/\/anastasia-mcqueen.com\/?page_id=6396"},"modified":"2024-06-11T13:19:24","modified_gmt":"2024-06-11T13:19:24","slug":"musica-de-saxofon-para-desfiles-de-moda","status":"publish","type":"page","link":"https:\/\/anastasia-mcqueen.com\/es\/musica-de-saxofon-para-desfiles-de-moda\/","title":{"rendered":"M\u00fasica de Saxof\u00f3n para Desfiles de Moda"},"content":{"rendered":"<section class=\"wpb-content-wrapper\"><p>[vc_row video_bg=\u00bbyoutube\u00bb parallax=\u00bbyes\u00bb el_id=\u00bbfirst\u00bb content_width=\u00bbfullwidth\u00bb fullscreen=\u00bbyes\u00bb video=\u00bbmJP-WeBqjtA\u00bb css=\u00bb.vc_custom_1571391060281{padding-top: 0px !important;padding-bottom: 0px !important;}\u00bb fullwidth=\u00bbyes\u00bb row_width=\u00bbfullwidth\u00bb][vc_column][vc_column_text]<br \/>\n[\/vc_column_text][\/vc_column][\/vc_row][vc_row full_height=\u00bbyes\u00bb el_id=\u00bbbienvenida\u00bb color_scheme=\u00bbwhite\u00bb bg_overlay=\u00bbdots_dark\u00bb][vc_column][vc_column_text]<br \/>\n[\/vc_column_text][vc_column_text]<br \/>\n[\/vc_column_text][vc_custom_heading text=\u00bbM\u00daSICA DE SAXOF\u00d3N PARA DESFILES DE MODA\u00bb font_container=\u00bbtag:h1|text_align:left\u00bb use_theme_fonts=\u00bbyes\u00bb css_animation=\u00bbfadeIn\u00bb el_class=\u00bbanimated vntd-animated fadeInUp visible\u00bb][vc_column_text css_animation=\u00bbfadeIn\u00bb]<\/p>\n<p class=\"white\">Transforma tu desfile de moda en una experiencia inolvidable con la cautivadora m\u00fasica de saxof\u00f3n de Anastasia McQueen, una talentosa saxofonista de Ibiza. Con su amplia experiencia en eventos de moda de alto perfil en todo el mundo, Anastasia a\u00f1ade un toque \u00fanico de elegancia y estilo que realza perfectamente el glamour de la pasarela.<\/p>\n<p class=\"white\"><strong>Entretenimiento Encantador para Eventos de Moda<\/strong><\/p>\n<p class=\"white\">Anastasia McQueen es una maestra en crear el fondo musical perfecto para desfiles de moda. Sus actuaciones en vivo infunden al evento una atm\u00f3sfera sofisticada y estilizada, haciendo que los modelos y dise\u00f1os brillen verdaderamente.<\/p>\n<p class=\"white\"><strong>Perfecta Armon\u00eda con la Pasarela<\/strong><\/p>\n<p class=\"white\">La m\u00fasica de saxof\u00f3n de Anastasia se mezcla sin esfuerzo con el ritmo y el flujo de la pasarela. Ya sea que el desfile requiera ritmos en\u00e9rgicos o melod\u00edas suaves y elegantes, su repertorio vers\u00e1til puede adaptarse para coincidir con el estado de \u00e1nimo y tema exacto de tu evento de moda.<\/p>\n<p class=\"white\"><strong>Una Presencia Deslumbrante en la Pasarela<\/strong><\/p>\n<p class=\"white\">No solo es Anastasia una m\u00fasica excepcional, sino que su belleza y apariencia de modelo a\u00f1aden una capa adicional de sofisticaci\u00f3n a tu evento.<\/p>\n<p class=\"white\"><strong>\u00bfPor qu\u00e9 Elegir a Anastasia McQueen?<\/strong><\/p>\n<p><strong>\u2713 Talento Excepcional:<\/strong> Con a\u00f1os de experiencia actuando en los mejores eventos de moda, Anastasia ofrece actuaciones impecables y profesionales que elevan toda la experiencia.<\/p>\n<p><strong>\u2713 Selecci\u00f3n de M\u00fasica Personalizable:<\/strong> Desde \u00e9xitos contempor\u00e1neos hasta cl\u00e1sicos atemporales, el extenso repertorio de Anastasia puede personalizarse para adaptarse al estilo y ambiente de tu desfile de moda.<\/p>\n<p><strong>\u2713 Elegancia Internacional:<\/strong> Habiendo actuado en desfiles de moda en todo el mundo, Anastasia aporta una gran experiencia y un toque de elegancia internacional a tu pasarela.<\/p>\n<p>Reserva a Anastasia McQueen para tu desfile de moda y deja que su cautivadora m\u00fasica de saxof\u00f3n a\u00f1ada un toque sofisticado y memorable a tu evento. Cont\u00e1ctanos hoy para ver c\u00f3mo Anastasia, saxofonista para desfiles de moda, puede hacer que tu pr\u00f3ximo evento de moda sea realmente especial.[\/vc_column_text][\/vc_column][\/vc_row][vc_row css_animation=\u00bbfadeIn\u00bb el_id=\u00bbcontact\u00bb color_scheme=\u00bbwhite\u00bb css=\u00bb.vc_custom_1717943734251{background-image: url(https:\/\/anastasia-mcqueen.com\/wp-content\/uploads\/2024\/06\/Anastasia-McQueen-sax-18-8.jpg?id=6923) !important;background-position: center !important;background-repeat: no-repeat !important;background-size: cover !important;}\u00bb darken=\u00bblight\u00bb el_class=\u00bbcontact-bkg\u00bb][vc_column width=\u00bb1\/2&#8243;][vc_row_inner css=\u00bb.vc_custom_1581594328565{padding-top: 20px !important;padding-bottom: 10px !important;}\u00bb][vc_column_inner css=\u00bb.vc_custom_1717332436731{background-color: rgba(170,170,170,0.4) !important;*background-color: rgb(170,170,170) !important;}\u00bb][vc_custom_heading text=\u00bbFormulario de Contacto\u00bb font_container=\u00bbtag:h4|font_size:18|text_align:center|color:%23ffffff\u00bb google_fonts=\u00bbfont_family:Oswald%3A300%2Cregular%2C700|font_style:700%20bold%20regular%3A700%3Anormal\u00bb css_animation=\u00bbfadeIn\u00bb css=\u00bb.vc_custom_1717928991621{margin-top: 0px !important;margin-right: 0px !important;margin-bottom: 0px !important;margin-left: 0px !important;padding-top: 10px !important;padding-right: 10px !important;padding-bottom: 10px !important;padding-left: 10px !important;}\u00bb]<div class=\"contact font-primary\">\n<div class=\"wpcf7 no-js\" id=\"wpcf7-f3670-o1\" lang=\"en-US\" dir=\"ltr\" data-wpcf7-id=\"3670\">\n<div class=\"screen-reader-response\"><p role=\"status\" aria-live=\"polite\" aria-atomic=\"true\"><\/p> <ul><\/ul><\/div>\n<form action=\"\/es\/wp-json\/wp\/v2\/pages\/6396#wpcf7-f3670-o1\" method=\"post\" class=\"wpcf7-form init\" aria-label=\"Contact form\" novalidate=\"novalidate\" data-status=\"init\">\n<fieldset class=\"hidden-fields-container\"><input type=\"hidden\" name=\"_wpcf7\" value=\"3670\" \/><input type=\"hidden\" name=\"_wpcf7_version\" value=\"6.1.2\" \/><input type=\"hidden\" name=\"_wpcf7_locale\" value=\"en_US\" \/><input type=\"hidden\" name=\"_wpcf7_unit_tag\" value=\"wpcf7-f3670-o1\" \/><input type=\"hidden\" name=\"_wpcf7_container_post\" value=\"0\" \/><input type=\"hidden\" name=\"_wpcf7_posted_data_hash\" value=\"\" \/><input type=\"hidden\" name=\"_wpcf7_recaptcha_response\" value=\"\" \/>\n<\/fieldset>\n<div class=\"col-md-12\">\n\t<p class=\"form-customer\">\n\t<\/p>\n\t<p><span class=\"wpcf7-form-control-wrap\" data-name=\"name-i\"><input size=\"40\" maxlength=\"400\" class=\"wpcf7-form-control wpcf7-text wpcf7-validates-as-required\" aria-required=\"true\" aria-invalid=\"false\" placeholder=\"Nombre\" value=\"\" type=\"text\" name=\"name-i\" \/><\/span>\n\t<\/p>\n<\/div>\n<div class=\"col-md-12\">\n\t<p class=\"form-customer\">\n\t<\/p>\n\t<p><span class=\"wpcf7-form-control-wrap\" data-name=\"tel-i\"><input size=\"40\" maxlength=\"400\" class=\"wpcf7-form-control wpcf7-text\" aria-invalid=\"false\" placeholder=\"Telefono\" value=\"\" type=\"text\" name=\"tel-i\" \/><\/span>\n\t<\/p>\n<\/div>\n<div class=\"col-md-12\">\n\t<p class=\"form-customer\">\n\t<\/p>\n\t<p><span class=\"wpcf7-form-control-wrap\" data-name=\"email-i\"><input size=\"40\" maxlength=\"400\" class=\"wpcf7-form-control wpcf7-email wpcf7-validates-as-required wpcf7-text wpcf7-validates-as-email\" aria-required=\"true\" aria-invalid=\"false\" placeholder=\"Email\" value=\"\" type=\"email\" name=\"email-i\" \/><\/span>\n\t<\/p>\n<\/div>\n<div class=\"col-md-12\">\n\t<p class=\"form-customer\">\n\t<\/p>\n\t<p><span class=\"wpcf7-form-control-wrap\" data-name=\"date-i\"><input size=\"40\" maxlength=\"400\" class=\"wpcf7-form-control wpcf7-text\" aria-invalid=\"false\" placeholder=\"Fecha del evento\" value=\"\" type=\"text\" name=\"date-i\" \/><\/span>\n\t<\/p>\n<\/div>\n<div class=\"col-md-12\">\n\t<p class=\"form-customer\">\n\t<\/p>\n\t<p><span class=\"wpcf7-form-control-wrap\" data-name=\"place-i\"><input size=\"40\" maxlength=\"400\" class=\"wpcf7-form-control wpcf7-text\" aria-invalid=\"false\" placeholder=\"Lugar del evento\" value=\"\" type=\"text\" name=\"place-i\" \/><\/span>\n\t<\/p>\n<\/div>\n<div class=\"col-md-12\">\n\t<p class=\"form-customer\">\n\t<\/p>\n\t<p><span class=\"wpcf7-form-control-wrap\" data-name=\"num-i\"><input size=\"40\" maxlength=\"400\" class=\"wpcf7-form-control wpcf7-text\" aria-invalid=\"false\" placeholder=\"Numero de invitados\" value=\"\" type=\"text\" name=\"num-i\" \/><\/span>\n\t<\/p>\n<\/div>\n<div class=\"col-md-12\">\n\t<p class=\"form-customer\">\n\t<\/p>\n\t<p><span class=\"wpcf7-form-control-wrap\" data-name=\"asunto-i\"><input size=\"40\" maxlength=\"400\" class=\"wpcf7-form-control wpcf7-text\" aria-invalid=\"false\" placeholder=\"Asunto\" value=\"\" type=\"text\" name=\"asunto-i\" \/><\/span>\n\t<\/p>\n<\/div>\n<div class=\"col-md-12\">\n\t<p class=\"form-customer\">\n\t<\/p>\n\t<p><span class=\"wpcf7-form-control-wrap\" data-name=\"other-info\"><textarea cols=\"40\" rows=\"10\" maxlength=\"2000\" class=\"wpcf7-form-control wpcf7-textarea wpcf7-validates-as-required\" aria-required=\"true\" aria-invalid=\"false\" placeholder=\"OTRA INFO\" name=\"other-info\"><\/textarea><\/span>\n\t<\/p>\n<\/div>\n<div class=\"clearfix\">\n<\/div>\n<div class=\"rgpd\">\n\t<p><span>Responsable\/Identidad: Q Premium group ibiza S.L. - CIF: B57953275 - Dir. postal: Av. Pedro Matutes Noguera 40 CP:07800 Illes Ballears (Espa\u00f1a), Correo Electr\u00f3nico: info@anastasia-mcqueen.com.<\/span>\n\t<\/p>\n\t<p><span>En nombre de la empresa tratamos la informaci\u00f3n que nos facilita con el fin de prestarles el servicio solicitado, realizar la facturaci\u00f3n del mismo. Los datos proporcionados se conservar\u00e1n mientras se mantenga la relaci\u00f3n comercial o durante los a\u00f1os necesarios para cumplir con las obligaciones legales. Los datos no se ceder\u00e1n a terceros salvo en los casos en que exista una obligaci\u00f3n legal. Usted tiene derecho a obtener confirmaci\u00f3n sobre si en Q Premium group ibiza S.L. estamos tratando sus datos personales por tanto tiene derecho a acceder a sus datos personales, rectificar los datos inexactos o solicitar su supresi\u00f3n cuando los datos ya no sean necesarios.<\/span>\n\t<\/p>\n\t<p><span>Asimismo solicito su autorizaci\u00f3n para ofrecerle productos y servicios relacionados con los solicitados y fidelizarle como cliente.<\/span>\n\t<\/p>\n\t<p><span class=\"wpcf7-form-control-wrap\" data-name=\"checkbox-1\"><span class=\"wpcf7-form-control wpcf7-checkbox wpcf7-validates-as-required wpcf7-exclusive-checkbox\"><span class=\"wpcf7-list-item first\"><input type=\"checkbox\" name=\"checkbox-1\" value=\"SI\" \/><span class=\"wpcf7-list-item-label\">SI<\/span><\/span><span class=\"wpcf7-list-item last\"><input type=\"checkbox\" name=\"checkbox-1\" value=\"NO\" \/><span class=\"wpcf7-list-item-label\">NO<\/span><\/span><\/span><\/span>\n\t<\/p>\n<\/div>\n<div class=\"col-md-12\">\n\t<p><input class=\"wpcf7-form-control wpcf7-submit has-spinner\" type=\"submit\" value=\"Enviar\" \/>\n\t<\/p>\n<\/div><p style=\"display: none !important;\" class=\"akismet-fields-container\" data-prefix=\"_wpcf7_ak_\"><label>&#916;<textarea name=\"_wpcf7_ak_hp_textarea\" cols=\"45\" rows=\"8\" maxlength=\"100\"><\/textarea><\/label><input type=\"hidden\" id=\"ak_js_1\" name=\"_wpcf7_ak_js\" value=\"63\"\/><script>document.getElementById( \"ak_js_1\" ).setAttribute( \"value\", ( new Date() ).getTime() );<\/script><\/p><div class=\"wpcf7-response-output\" aria-hidden=\"true\"><\/div>\n<\/form>\n<\/div>\n<\/div>[vc_column_text css=\u00bb.vc_custom_1718096197366{margin-bottom: 30px !important;}\u00bb]<\/p>\n<div class=\"telefono\"><i class=\"fa fa-mail\"><\/i><span style=\"color: #ffffff;\"> info@anastasia-mcqueen.com<\/span><\/div>\n<div class=\"telefono\"><i class=\"fa fa-mobile\"><\/i><a href=\"tel:+34 646 139 249\"><span style=\"color: #ffffff;\"> +34 646 139 249<\/span><\/a><\/div>\n<p>[\/vc_column_text][\/vc_column_inner][\/vc_row_inner][\/vc_column][vc_column width=\u00bb1\/2&#8243; el_class=\u00bbenc_form\u00bb][\/vc_column][\/vc_row]<\/p>\n<\/section>","protected":false},"excerpt":{"rendered":"<p>[vc_row video_bg=\u00bbyoutube\u00bb parallax=\u00bbyes\u00bb el_id=\u00bbfirst\u00bb content_width=\u00bbfullwidth\u00bb fullscreen=\u00bbyes\u00bb video=\u00bbmJP-WeBqjtA\u00bb css=\u00bb.vc_custom_1571391060281{padding-top: 0px !important;padding-bottom: 0px !important;}\u00bb fullwidth=\u00bbyes\u00bb row_width=\u00bbfullwidth\u00bb][vc_column][vc_column_text] [\/vc_column_text][\/vc_column][\/vc_row][vc_row full_height=\u00bbyes\u00bb el_id=\u00bbbienvenida\u00bb color_scheme=\u00bbwhite\u00bb bg_overlay=\u00bbdots_dark\u00bb][vc_column][vc_column_text] [\/vc_column_text][vc_column_text] [\/vc_column_text][vc_custom_heading text=\u00bbM\u00daSICA DE SAXOF\u00d3N PARA DESFILES DE MODA\u00bb font_container=\u00bbtag:h1|text_align:left\u00bb use_theme_fonts=\u00bbyes\u00bb css_animation=\u00bbfadeIn\u00bb el_class=\u00bbanimated vntd-animated fadeInUp visible\u00bb][vc_column_text css_animation=\u00bbfadeIn\u00bb] Transforma tu desfile de moda en una experiencia inolvidable con la cautivadora m\u00fasica de saxof\u00f3n de Anastasia McQueen, una talentosa saxofonista de Ibiza. Con su amplia experiencia en eventos de moda de alto perfil [&hellip;]<\/p>\n","protected":false},"author":5,"featured_media":0,"parent":0,"menu_order":0,"comment_status":"open","ping_status":"closed","template":"template-onepager.php","meta":{"footnotes":""},"class_list":["post-6396","page","type-page","status-publish","hentry"],"yoast_head":"<!-- This site is optimized with the Yoast SEO plugin v26.1.1 - https:\/\/yoast.com\/wordpress\/plugins\/seo\/ -->\n<title>Anastasia McQueen - La espectacular saxofonista de Ibiza<\/title>\n<meta name=\"description\" content=\"Transforme su desfile de moda con la cautivadora m\u00fasica de saxof\u00f3n de Anastasia McQueen, una talentosa saxofonista de Ibiza. Con amplia experiencia en eventos de moda de alto perfil en todo el mundo, Anastasia a\u00f1ade elegancia y estilo, creando una experiencia de pasarela sofisticada e inolvidable. \u00a1Contr\u00e1tela hoy para elevar su evento!\" \/>\n<meta name=\"robots\" content=\"index, follow, max-snippet:-1, max-image-preview:large, max-video-preview:-1\" \/>\n<link rel=\"canonical\" href=\"https:\/\/anastasia-mcqueen.com\/es\/musica-de-saxofon-para-desfiles-de-moda\/\" \/>\n<meta property=\"og:locale\" content=\"es_ES\" \/>\n<meta property=\"og:type\" content=\"article\" \/>\n<meta property=\"og:title\" content=\"Anastasia McQueen - La espectacular saxofonista de Ibiza\" \/>\n<meta property=\"og:description\" content=\"Transforme su desfile de moda con la cautivadora m\u00fasica de saxof\u00f3n de Anastasia McQueen, una talentosa saxofonista de Ibiza. Con amplia experiencia en eventos de moda de alto perfil en todo el mundo, Anastasia a\u00f1ade elegancia y estilo, creando una experiencia de pasarela sofisticada e inolvidable. \u00a1Contr\u00e1tela hoy para elevar su evento!\" \/>\n<meta property=\"og:url\" content=\"https:\/\/anastasia-mcqueen.com\/es\/musica-de-saxofon-para-desfiles-de-moda\/\" \/>\n<meta property=\"og:site_name\" content=\"Anastasia Mcqueen\" \/>\n<meta property=\"article:modified_time\" content=\"2024-06-11T13:19:24+00:00\" \/>\n<meta property=\"og:image\" content=\"https:\/\/anastasia-mcqueen.com\/wp-content\/uploads\/2019\/10\/logo_compressed2.png\" \/>\n\t<meta property=\"og:image:width\" content=\"999\" \/>\n\t<meta property=\"og:image:height\" content=\"444\" \/>\n\t<meta property=\"og:image:type\" content=\"image\/png\" \/>\n<meta name=\"twitter:card\" content=\"summary_large_image\" \/>\n<meta name=\"twitter:label1\" content=\"Tiempo de lectura\" \/>\n\t<meta name=\"twitter:data1\" content=\"2 minutos\" \/>\n<script type=\"application\/ld+json\" class=\"yoast-schema-graph\">{\"@context\":\"https:\/\/schema.org\",\"@graph\":[{\"@type\":\"WebPage\",\"@id\":\"https:\/\/anastasia-mcqueen.com\/es\/musica-de-saxofon-para-desfiles-de-moda\/\",\"url\":\"https:\/\/anastasia-mcqueen.com\/es\/musica-de-saxofon-para-desfiles-de-moda\/\",\"name\":\"Anastasia McQueen - La espectacular saxofonista de Ibiza\",\"isPartOf\":{\"@id\":\"https:\/\/anastasia-mcqueen.com\/#website\"},\"datePublished\":\"2024-06-04T06:51:59+00:00\",\"dateModified\":\"2024-06-11T13:19:24+00:00\",\"description\":\"Transforme su desfile de moda con la cautivadora m\u00fasica de saxof\u00f3n de Anastasia McQueen, una talentosa saxofonista de Ibiza. Con amplia experiencia en eventos de moda de alto perfil en todo el mundo, Anastasia a\u00f1ade elegancia y estilo, creando una experiencia de pasarela sofisticada e inolvidable. \u00a1Contr\u00e1tela hoy para elevar su evento!\",\"breadcrumb\":{\"@id\":\"https:\/\/anastasia-mcqueen.com\/es\/musica-de-saxofon-para-desfiles-de-moda\/#breadcrumb\"},\"inLanguage\":\"es\",\"potentialAction\":[{\"@type\":\"ReadAction\",\"target\":[\"https:\/\/anastasia-mcqueen.com\/es\/musica-de-saxofon-para-desfiles-de-moda\/\"]}]},{\"@type\":\"BreadcrumbList\",\"@id\":\"https:\/\/anastasia-mcqueen.com\/es\/musica-de-saxofon-para-desfiles-de-moda\/#breadcrumb\",\"itemListElement\":[{\"@type\":\"ListItem\",\"position\":1,\"name\":\"Home\",\"item\":\"https:\/\/anastasia-mcqueen.com\/es\/\"},{\"@type\":\"ListItem\",\"position\":2,\"name\":\"M\u00fasica de Saxof\u00f3n para Desfiles de Moda\"}]},{\"@type\":\"WebSite\",\"@id\":\"https:\/\/anastasia-mcqueen.com\/#website\",\"url\":\"https:\/\/anastasia-mcqueen.com\/\",\"name\":\"Anastasia Mcqueen\",\"description\":\"International female saxophone player based in Ibiza\",\"publisher\":{\"@id\":\"https:\/\/anastasia-mcqueen.com\/#\/schema\/person\/8b63f14e0c523261f55ce6f01812b668\"},\"potentialAction\":[{\"@type\":\"SearchAction\",\"target\":{\"@type\":\"EntryPoint\",\"urlTemplate\":\"https:\/\/anastasia-mcqueen.com\/?s={search_term_string}\"},\"query-input\":{\"@type\":\"PropertyValueSpecification\",\"valueRequired\":true,\"valueName\":\"search_term_string\"}}],\"inLanguage\":\"es\"},{\"@type\":[\"Person\",\"Organization\"],\"@id\":\"https:\/\/anastasia-mcqueen.com\/#\/schema\/person\/8b63f14e0c523261f55ce6f01812b668\",\"name\":\"anastasia-mcqueen\",\"logo\":{\"@id\":\"https:\/\/anastasia-mcqueen.com\/#\/schema\/person\/image\/\"}}]}<\/script>\n<!-- \/ Yoast SEO plugin. -->","yoast_head_json":{"title":"Anastasia McQueen - La espectacular saxofonista de Ibiza","description":"Transforme su desfile de moda con la cautivadora m\u00fasica de saxof\u00f3n de Anastasia McQueen, una talentosa saxofonista de Ibiza. Con amplia experiencia en eventos de moda de alto perfil en todo el mundo, Anastasia a\u00f1ade elegancia y estilo, creando una experiencia de pasarela sofisticada e inolvidable. \u00a1Contr\u00e1tela hoy para elevar su evento!","robots":{"index":"index","follow":"follow","max-snippet":"max-snippet:-1","max-image-preview":"max-image-preview:large","max-video-preview":"max-video-preview:-1"},"canonical":"https:\/\/anastasia-mcqueen.com\/es\/musica-de-saxofon-para-desfiles-de-moda\/","og_locale":"es_ES","og_type":"article","og_title":"Anastasia McQueen - La espectacular saxofonista de Ibiza","og_description":"Transforme su desfile de moda con la cautivadora m\u00fasica de saxof\u00f3n de Anastasia McQueen, una talentosa saxofonista de Ibiza. Con amplia experiencia en eventos de moda de alto perfil en todo el mundo, Anastasia a\u00f1ade elegancia y estilo, creando una experiencia de pasarela sofisticada e inolvidable. \u00a1Contr\u00e1tela hoy para elevar su evento!","og_url":"https:\/\/anastasia-mcqueen.com\/es\/musica-de-saxofon-para-desfiles-de-moda\/","og_site_name":"Anastasia Mcqueen","article_modified_time":"2024-06-11T13:19:24+00:00","og_image":[{"width":999,"height":444,"url":"https:\/\/anastasia-mcqueen.com\/wp-content\/uploads\/2019\/10\/logo_compressed2.png","type":"image\/png"}],"twitter_card":"summary_large_image","twitter_misc":{"Tiempo de lectura":"2 minutos"},"schema":{"@context":"https:\/\/schema.org","@graph":[{"@type":"WebPage","@id":"https:\/\/anastasia-mcqueen.com\/es\/musica-de-saxofon-para-desfiles-de-moda\/","url":"https:\/\/anastasia-mcqueen.com\/es\/musica-de-saxofon-para-desfiles-de-moda\/","name":"Anastasia McQueen - La espectacular saxofonista de Ibiza","isPartOf":{"@id":"https:\/\/anastasia-mcqueen.com\/#website"},"datePublished":"2024-06-04T06:51:59+00:00","dateModified":"2024-06-11T13:19:24+00:00","description":"Transforme su desfile de moda con la cautivadora m\u00fasica de saxof\u00f3n de Anastasia McQueen, una talentosa saxofonista de Ibiza. Con amplia experiencia en eventos de moda de alto perfil en todo el mundo, Anastasia a\u00f1ade elegancia y estilo, creando una experiencia de pasarela sofisticada e inolvidable. \u00a1Contr\u00e1tela hoy para elevar su evento!","breadcrumb":{"@id":"https:\/\/anastasia-mcqueen.com\/es\/musica-de-saxofon-para-desfiles-de-moda\/#breadcrumb"},"inLanguage":"es","potentialAction":[{"@type":"ReadAction","target":["https:\/\/anastasia-mcqueen.com\/es\/musica-de-saxofon-para-desfiles-de-moda\/"]}]},{"@type":"BreadcrumbList","@id":"https:\/\/anastasia-mcqueen.com\/es\/musica-de-saxofon-para-desfiles-de-moda\/#breadcrumb","itemListElement":[{"@type":"ListItem","position":1,"name":"Home","item":"https:\/\/anastasia-mcqueen.com\/es\/"},{"@type":"ListItem","position":2,"name":"M\u00fasica de Saxof\u00f3n para Desfiles de Moda"}]},{"@type":"WebSite","@id":"https:\/\/anastasia-mcqueen.com\/#website","url":"https:\/\/anastasia-mcqueen.com\/","name":"Anastasia Mcqueen","description":"International female saxophone player based in Ibiza","publisher":{"@id":"https:\/\/anastasia-mcqueen.com\/#\/schema\/person\/8b63f14e0c523261f55ce6f01812b668"},"potentialAction":[{"@type":"SearchAction","target":{"@type":"EntryPoint","urlTemplate":"https:\/\/anastasia-mcqueen.com\/?s={search_term_string}"},"query-input":{"@type":"PropertyValueSpecification","valueRequired":true,"valueName":"search_term_string"}}],"inLanguage":"es"},{"@type":["Person","Organization"],"@id":"https:\/\/anastasia-mcqueen.com\/#\/schema\/person\/8b63f14e0c523261f55ce6f01812b668","name":"anastasia-mcqueen","logo":{"@id":"https:\/\/anastasia-mcqueen.com\/#\/schema\/person\/image\/"}}]}},"_links":{"self":[{"href":"https:\/\/anastasia-mcqueen.com\/es\/wp-json\/wp\/v2\/pages\/6396","targetHints":{"allow":["GET"]}}],"collection":[{"href":"https:\/\/anastasia-mcqueen.com\/es\/wp-json\/wp\/v2\/pages"}],"about":[{"href":"https:\/\/anastasia-mcqueen.com\/es\/wp-json\/wp\/v2\/types\/page"}],"author":[{"embeddable":true,"href":"https:\/\/anastasia-mcqueen.com\/es\/wp-json\/wp\/v2\/users\/5"}],"replies":[{"embeddable":true,"href":"https:\/\/anastasia-mcqueen.com\/es\/wp-json\/wp\/v2\/comments?post=6396"}],"version-history":[{"count":5,"href":"https:\/\/anastasia-mcqueen.com\/es\/wp-json\/wp\/v2\/pages\/6396\/revisions"}],"predecessor-version":[{"id":7109,"href":"https:\/\/anastasia-mcqueen.com\/es\/wp-json\/wp\/v2\/pages\/6396\/revisions\/7109"}],"wp:attachment":[{"href":"https:\/\/anastasia-mcqueen.com\/es\/wp-json\/wp\/v2\/media?parent=6396"}],"curies":[{"name":"wp","href":"https:\/\/api.w.org\/{rel}","templated":true}]}}