{"id":6361,"date":"2024-06-04T06:51:09","date_gmt":"2024-06-04T06:51:09","guid":{"rendered":"https:\/\/anastasia-mcqueen.com\/?page_id=6361"},"modified":"2024-06-11T13:18:01","modified_gmt":"2024-06-11T13:18:01","slug":"ibiza-sax-para-discotecas-y-playas","status":"publish","type":"page","link":"https:\/\/anastasia-mcqueen.com\/es\/ibiza-sax-para-discotecas-y-playas\/","title":{"rendered":"Ibiza Sax para discotecas y playas"},"content":{"rendered":"<section class=\"wpb-content-wrapper\"><p>[vc_row video_bg=\u00bbyoutube\u00bb parallax=\u00bbyes\u00bb el_id=\u00bbfirst\u00bb content_width=\u00bbfullwidth\u00bb fullscreen=\u00bbyes\u00bb video=\u00bbmJP-WeBqjtA\u00bb css=\u00bb.vc_custom_1571391060281{padding-top: 0px !important;padding-bottom: 0px !important;}\u00bb fullwidth=\u00bbyes\u00bb row_width=\u00bbfullwidth\u00bb][vc_column][vc_column_text]<br \/>\n[\/vc_column_text][\/vc_column][\/vc_row][vc_row full_height=\u00bbyes\u00bb el_id=\u00bbbienvenida\u00bb color_scheme=\u00bbwhite\u00bb bg_overlay=\u00bbdots_dark\u00bb][vc_column][vc_column_text]<br \/>\n[\/vc_column_text][vc_column_text]<br \/>\n[\/vc_column_text][vc_custom_heading text=\u00bbSaxofonista para Beach clubs y Discotecas en Ibiza\u00bb font_container=\u00bbtag:h1|text_align:left\u00bb use_theme_fonts=\u00bbyes\u00bb css_animation=\u00bbfadeIn\u00bb el_class=\u00bbanimated vntd-animated fadeInUp visible\u00bb][vc_column_text css_animation=\u00bbfadeIn\u00bb]<\/p>\n<p class=\"white\">Trae la energ\u00eda vibrante de Ibiza a tus eventos en Beach clubs y discotecas con las incre\u00edbles actuaciones de saxof\u00f3n de Anastasia McQueen. Como una de las saxofonistas m\u00e1s demandadas de Ibiza, Anastasia crea experiencias musicales inolvidables que cautivan y elevan cualquier lugar.<\/p>\n<p class=\"white\"><strong>Entretenimiento Inolvidable<\/strong><\/p>\n<p class=\"white\">Anastasia McQueen ha deslumbrado a audiencias en algunos de los Beach clubs y discotecas m\u00e1s ic\u00f3nicos del mundo, no solo en Ibiza. Su habilidad para combinar melod\u00edas de saxof\u00f3n con ritmos de m\u00fasica House y EDM asegura quetu fiesta ser\u00e1 un evento para recordar.<\/p>\n<p class=\"white\"><strong>\u00bfPor qu\u00e9 Elegir a Anastasia McQueen?<\/strong><\/p>\n<p><strong>\u2713 Experiencia Global:<\/strong> Con a\u00f1os de experiencia actuando en discotecas famosas en todo el mundo, Anastasia aporta una energ\u00eda vibrante que cautiva a cada multitud.<\/p>\n<p><strong>\u2713 Presencia Esc\u00e9nica Atractiva:<\/strong> La elegante y cautivadora presencia de Anastasia a\u00f1ade un toque de sofisticaci\u00f3n y emoci\u00f3n, manteniendo a los invitados entretenidos y comprometidos toda la noche..<\/p>\n<p><strong>\u2713 Excelencia Profesional:<\/strong> Conocida por sus actuaciones pulidas y profesionales, Anastasia cumple en cada ocasi\u00f3n.<\/p>\n<p>Reserva a Anastasia McQueen, saxofonista para Beach clubs y discotecas, y deja que su talento excepcional haga que tu evento sea inolvidable. Cont\u00e1ctanos hoy para traer la magia de Ibiza a tu pr\u00f3xima fiesta.[\/vc_column_text][\/vc_column][\/vc_row][vc_row css_animation=\u00bbfadeIn\u00bb el_id=\u00bbcontact\u00bb color_scheme=\u00bbwhite\u00bb css=\u00bb.vc_custom_1717943595836{background-image: url(https:\/\/anastasia-mcqueen.com\/wp-content\/uploads\/2024\/06\/Anastasia-McQueen-sax-18-8.jpg?id=6923) !important;background-position: center !important;background-repeat: no-repeat !important;background-size: cover !important;}\u00bb darken=\u00bblight\u00bb el_class=\u00bbcontact-bkg\u00bb][vc_column width=\u00bb1\/2&#8243;][vc_row_inner css=\u00bb.vc_custom_1581594328565{padding-top: 20px !important;padding-bottom: 10px !important;}\u00bb][vc_column_inner css=\u00bb.vc_custom_1717332436731{background-color: rgba(170,170,170,0.4) !important;*background-color: rgb(170,170,170) !important;}\u00bb][vc_custom_heading text=\u00bbFormulario de Contacto\u00bb font_container=\u00bbtag:h4|font_size:18|text_align:center|color:%23ffffff\u00bb google_fonts=\u00bbfont_family:Oswald%3A300%2Cregular%2C700|font_style:700%20bold%20regular%3A700%3Anormal\u00bb css_animation=\u00bbfadeIn\u00bb css=\u00bb.vc_custom_1717928962686{margin-top: 0px !important;margin-right: 0px !important;margin-bottom: 0px !important;margin-left: 0px !important;padding-top: 10px !important;padding-right: 10px !important;padding-bottom: 10px !important;padding-left: 10px !important;}\u00bb]<div class=\"contact font-primary\">\n<div class=\"wpcf7 no-js\" id=\"wpcf7-f3670-o1\" lang=\"en-US\" dir=\"ltr\" data-wpcf7-id=\"3670\">\n<div class=\"screen-reader-response\"><p role=\"status\" aria-live=\"polite\" aria-atomic=\"true\"><\/p> <ul><\/ul><\/div>\n<form action=\"\/es\/wp-json\/wp\/v2\/pages\/6361#wpcf7-f3670-o1\" method=\"post\" class=\"wpcf7-form init\" aria-label=\"Contact form\" novalidate=\"novalidate\" data-status=\"init\">\n<fieldset class=\"hidden-fields-container\"><input type=\"hidden\" name=\"_wpcf7\" value=\"3670\" \/><input type=\"hidden\" name=\"_wpcf7_version\" value=\"6.1.2\" \/><input type=\"hidden\" name=\"_wpcf7_locale\" value=\"en_US\" \/><input type=\"hidden\" name=\"_wpcf7_unit_tag\" value=\"wpcf7-f3670-o1\" \/><input type=\"hidden\" name=\"_wpcf7_container_post\" value=\"0\" \/><input type=\"hidden\" name=\"_wpcf7_posted_data_hash\" value=\"\" \/><input type=\"hidden\" name=\"_wpcf7_recaptcha_response\" value=\"\" \/>\n<\/fieldset>\n<div class=\"col-md-12\">\n\t<p class=\"form-customer\">\n\t<\/p>\n\t<p><span class=\"wpcf7-form-control-wrap\" data-name=\"name-i\"><input size=\"40\" maxlength=\"400\" class=\"wpcf7-form-control wpcf7-text wpcf7-validates-as-required\" aria-required=\"true\" aria-invalid=\"false\" placeholder=\"Nombre\" value=\"\" type=\"text\" name=\"name-i\" \/><\/span>\n\t<\/p>\n<\/div>\n<div class=\"col-md-12\">\n\t<p class=\"form-customer\">\n\t<\/p>\n\t<p><span class=\"wpcf7-form-control-wrap\" data-name=\"tel-i\"><input size=\"40\" maxlength=\"400\" class=\"wpcf7-form-control wpcf7-text\" aria-invalid=\"false\" placeholder=\"Telefono\" value=\"\" type=\"text\" name=\"tel-i\" \/><\/span>\n\t<\/p>\n<\/div>\n<div class=\"col-md-12\">\n\t<p class=\"form-customer\">\n\t<\/p>\n\t<p><span class=\"wpcf7-form-control-wrap\" data-name=\"email-i\"><input size=\"40\" maxlength=\"400\" class=\"wpcf7-form-control wpcf7-email wpcf7-validates-as-required wpcf7-text wpcf7-validates-as-email\" aria-required=\"true\" aria-invalid=\"false\" placeholder=\"Email\" value=\"\" type=\"email\" name=\"email-i\" \/><\/span>\n\t<\/p>\n<\/div>\n<div class=\"col-md-12\">\n\t<p class=\"form-customer\">\n\t<\/p>\n\t<p><span class=\"wpcf7-form-control-wrap\" data-name=\"date-i\"><input size=\"40\" maxlength=\"400\" class=\"wpcf7-form-control wpcf7-text\" aria-invalid=\"false\" placeholder=\"Fecha del evento\" value=\"\" type=\"text\" name=\"date-i\" \/><\/span>\n\t<\/p>\n<\/div>\n<div class=\"col-md-12\">\n\t<p class=\"form-customer\">\n\t<\/p>\n\t<p><span class=\"wpcf7-form-control-wrap\" data-name=\"place-i\"><input size=\"40\" maxlength=\"400\" class=\"wpcf7-form-control wpcf7-text\" aria-invalid=\"false\" placeholder=\"Lugar del evento\" value=\"\" type=\"text\" name=\"place-i\" \/><\/span>\n\t<\/p>\n<\/div>\n<div class=\"col-md-12\">\n\t<p class=\"form-customer\">\n\t<\/p>\n\t<p><span class=\"wpcf7-form-control-wrap\" data-name=\"num-i\"><input size=\"40\" maxlength=\"400\" class=\"wpcf7-form-control wpcf7-text\" aria-invalid=\"false\" placeholder=\"Numero de invitados\" value=\"\" type=\"text\" name=\"num-i\" \/><\/span>\n\t<\/p>\n<\/div>\n<div class=\"col-md-12\">\n\t<p class=\"form-customer\">\n\t<\/p>\n\t<p><span class=\"wpcf7-form-control-wrap\" data-name=\"asunto-i\"><input size=\"40\" maxlength=\"400\" class=\"wpcf7-form-control wpcf7-text\" aria-invalid=\"false\" placeholder=\"Asunto\" value=\"\" type=\"text\" name=\"asunto-i\" \/><\/span>\n\t<\/p>\n<\/div>\n<div class=\"col-md-12\">\n\t<p class=\"form-customer\">\n\t<\/p>\n\t<p><span class=\"wpcf7-form-control-wrap\" data-name=\"other-info\"><textarea cols=\"40\" rows=\"10\" maxlength=\"2000\" class=\"wpcf7-form-control wpcf7-textarea wpcf7-validates-as-required\" aria-required=\"true\" aria-invalid=\"false\" placeholder=\"OTRA INFO\" name=\"other-info\"><\/textarea><\/span>\n\t<\/p>\n<\/div>\n<div class=\"clearfix\">\n<\/div>\n<div class=\"rgpd\">\n\t<p><span>Responsable\/Identidad: Q Premium group ibiza S.L. - CIF: B57953275 - Dir. postal: Av. Pedro Matutes Noguera 40 CP:07800 Illes Ballears (Espa\u00f1a), Correo Electr\u00f3nico: info@anastasia-mcqueen.com.<\/span>\n\t<\/p>\n\t<p><span>En nombre de la empresa tratamos la informaci\u00f3n que nos facilita con el fin de prestarles el servicio solicitado, realizar la facturaci\u00f3n del mismo. Los datos proporcionados se conservar\u00e1n mientras se mantenga la relaci\u00f3n comercial o durante los a\u00f1os necesarios para cumplir con las obligaciones legales. Los datos no se ceder\u00e1n a terceros salvo en los casos en que exista una obligaci\u00f3n legal. Usted tiene derecho a obtener confirmaci\u00f3n sobre si en Q Premium group ibiza S.L. estamos tratando sus datos personales por tanto tiene derecho a acceder a sus datos personales, rectificar los datos inexactos o solicitar su supresi\u00f3n cuando los datos ya no sean necesarios.<\/span>\n\t<\/p>\n\t<p><span>Asimismo solicito su autorizaci\u00f3n para ofrecerle productos y servicios relacionados con los solicitados y fidelizarle como cliente.<\/span>\n\t<\/p>\n\t<p><span class=\"wpcf7-form-control-wrap\" data-name=\"checkbox-1\"><span class=\"wpcf7-form-control wpcf7-checkbox wpcf7-validates-as-required wpcf7-exclusive-checkbox\"><span class=\"wpcf7-list-item first\"><input type=\"checkbox\" name=\"checkbox-1\" value=\"SI\" \/><span class=\"wpcf7-list-item-label\">SI<\/span><\/span><span class=\"wpcf7-list-item last\"><input type=\"checkbox\" name=\"checkbox-1\" value=\"NO\" \/><span class=\"wpcf7-list-item-label\">NO<\/span><\/span><\/span><\/span>\n\t<\/p>\n<\/div>\n<div class=\"col-md-12\">\n\t<p><input class=\"wpcf7-form-control wpcf7-submit has-spinner\" type=\"submit\" value=\"Enviar\" \/>\n\t<\/p>\n<\/div><p style=\"display: none !important;\" class=\"akismet-fields-container\" data-prefix=\"_wpcf7_ak_\"><label>&#916;<textarea name=\"_wpcf7_ak_hp_textarea\" cols=\"45\" rows=\"8\" maxlength=\"100\"><\/textarea><\/label><input type=\"hidden\" id=\"ak_js_1\" name=\"_wpcf7_ak_js\" value=\"187\"\/><script>document.getElementById( \"ak_js_1\" ).setAttribute( \"value\", ( new Date() ).getTime() );<\/script><\/p><div class=\"wpcf7-response-output\" aria-hidden=\"true\"><\/div>\n<\/form>\n<\/div>\n<\/div>[vc_column_text css=\u00bb.vc_custom_1718096131781{margin-bottom: 30px !important;}\u00bb]<\/p>\n<div class=\"telefono\"><i class=\"fa fa-mail\"><\/i><span style=\"color: #ffffff;\"> info@anastasia-mcqueen.com<\/span><\/div>\n<div class=\"telefono\"><i class=\"fa fa-mobile\"><\/i><a href=\"tel:+34%20646%20139%20249\"><span style=\"color: #ffffff;\"> +34 646 139 249<\/span><\/a><\/div>\n<p>[\/vc_column_text][\/vc_column_inner][\/vc_row_inner][\/vc_column][vc_column width=\u00bb1\/2&#8243; el_class=\u00bbenc_form\u00bb][\/vc_column][\/vc_row]<\/p>\n<\/section>","protected":false},"excerpt":{"rendered":"<p>[vc_row video_bg=\u00bbyoutube\u00bb parallax=\u00bbyes\u00bb el_id=\u00bbfirst\u00bb content_width=\u00bbfullwidth\u00bb fullscreen=\u00bbyes\u00bb video=\u00bbmJP-WeBqjtA\u00bb css=\u00bb.vc_custom_1571391060281{padding-top: 0px !important;padding-bottom: 0px !important;}\u00bb fullwidth=\u00bbyes\u00bb row_width=\u00bbfullwidth\u00bb][vc_column][vc_column_text] [\/vc_column_text][\/vc_column][\/vc_row][vc_row full_height=\u00bbyes\u00bb el_id=\u00bbbienvenida\u00bb color_scheme=\u00bbwhite\u00bb bg_overlay=\u00bbdots_dark\u00bb][vc_column][vc_column_text] [\/vc_column_text][vc_column_text] [\/vc_column_text][vc_custom_heading text=\u00bbSaxofonista para Beach clubs y Discotecas en Ibiza\u00bb font_container=\u00bbtag:h1|text_align:left\u00bb use_theme_fonts=\u00bbyes\u00bb css_animation=\u00bbfadeIn\u00bb el_class=\u00bbanimated vntd-animated fadeInUp visible\u00bb][vc_column_text css_animation=\u00bbfadeIn\u00bb] Trae la energ\u00eda vibrante de Ibiza a tus eventos en Beach clubs y discotecas con las incre\u00edbles actuaciones de saxof\u00f3n de Anastasia McQueen. Como una de las saxofonistas m\u00e1s demandadas de Ibiza, Anastasia [&hellip;]<\/p>\n","protected":false},"author":5,"featured_media":0,"parent":0,"menu_order":0,"comment_status":"open","ping_status":"closed","template":"template-onepager.php","meta":{"footnotes":""},"class_list":["post-6361","page","type-page","status-publish","hentry"],"yoast_head":"<!-- This site is optimized with the Yoast SEO plugin v26.1.1 - https:\/\/yoast.com\/wordpress\/plugins\/seo\/ -->\n<title>Anastasia McQueen - La espectacular saxofonista de Ibiza<\/title>\n<meta name=\"description\" content=\"Llene sus eventos en los beach clubs y discotecas de energ\u00eda vibrante con las impresionantes actuaciones de saxof\u00f3n de Anastasia McQueen. Como una de las mejores saxofonistas de Ibiza, Anastasia fascina al p\u00fablico con su presencia esc\u00e9nica y su talento extraordinario. \u00a1Contr\u00e1tela ahora para hacer su evento inolvidable!\" \/>\n<meta name=\"robots\" content=\"index, follow, max-snippet:-1, max-image-preview:large, max-video-preview:-1\" \/>\n<link rel=\"canonical\" href=\"https:\/\/anastasia-mcqueen.com\/es\/ibiza-sax-para-discotecas-y-playas\/\" \/>\n<meta property=\"og:locale\" content=\"es_ES\" \/>\n<meta property=\"og:type\" content=\"article\" \/>\n<meta property=\"og:title\" content=\"Anastasia McQueen - La espectacular saxofonista de Ibiza\" \/>\n<meta property=\"og:description\" content=\"Llene sus eventos en los beach clubs y discotecas de energ\u00eda vibrante con las impresionantes actuaciones de saxof\u00f3n de Anastasia McQueen. Como una de las mejores saxofonistas de Ibiza, Anastasia fascina al p\u00fablico con su presencia esc\u00e9nica y su talento extraordinario. \u00a1Contr\u00e1tela ahora para hacer su evento inolvidable!\" \/>\n<meta property=\"og:url\" content=\"https:\/\/anastasia-mcqueen.com\/es\/ibiza-sax-para-discotecas-y-playas\/\" \/>\n<meta property=\"og:site_name\" content=\"Anastasia Mcqueen\" \/>\n<meta property=\"article:modified_time\" content=\"2024-06-11T13:18:01+00:00\" \/>\n<meta property=\"og:image\" content=\"https:\/\/anastasia-mcqueen.com\/wp-content\/uploads\/2019\/10\/logo_compressed2.png\" \/>\n\t<meta property=\"og:image:width\" content=\"999\" \/>\n\t<meta property=\"og:image:height\" content=\"444\" \/>\n\t<meta property=\"og:image:type\" content=\"image\/png\" \/>\n<meta name=\"twitter:card\" content=\"summary_large_image\" \/>\n<meta name=\"twitter:label1\" content=\"Tiempo de lectura\" \/>\n\t<meta name=\"twitter:data1\" content=\"2 minutos\" \/>\n<script type=\"application\/ld+json\" class=\"yoast-schema-graph\">{\"@context\":\"https:\/\/schema.org\",\"@graph\":[{\"@type\":\"WebPage\",\"@id\":\"https:\/\/anastasia-mcqueen.com\/es\/ibiza-sax-para-discotecas-y-playas\/\",\"url\":\"https:\/\/anastasia-mcqueen.com\/es\/ibiza-sax-para-discotecas-y-playas\/\",\"name\":\"Anastasia McQueen - La espectacular saxofonista de Ibiza\",\"isPartOf\":{\"@id\":\"https:\/\/anastasia-mcqueen.com\/#website\"},\"datePublished\":\"2024-06-04T06:51:09+00:00\",\"dateModified\":\"2024-06-11T13:18:01+00:00\",\"description\":\"Llene sus eventos en los beach clubs y discotecas de energ\u00eda vibrante con las impresionantes actuaciones de saxof\u00f3n de Anastasia McQueen. Como una de las mejores saxofonistas de Ibiza, Anastasia fascina al p\u00fablico con su presencia esc\u00e9nica y su talento extraordinario. \u00a1Contr\u00e1tela ahora para hacer su evento inolvidable!\",\"breadcrumb\":{\"@id\":\"https:\/\/anastasia-mcqueen.com\/es\/ibiza-sax-para-discotecas-y-playas\/#breadcrumb\"},\"inLanguage\":\"es\",\"potentialAction\":[{\"@type\":\"ReadAction\",\"target\":[\"https:\/\/anastasia-mcqueen.com\/es\/ibiza-sax-para-discotecas-y-playas\/\"]}]},{\"@type\":\"BreadcrumbList\",\"@id\":\"https:\/\/anastasia-mcqueen.com\/es\/ibiza-sax-para-discotecas-y-playas\/#breadcrumb\",\"itemListElement\":[{\"@type\":\"ListItem\",\"position\":1,\"name\":\"Home\",\"item\":\"https:\/\/anastasia-mcqueen.com\/es\/\"},{\"@type\":\"ListItem\",\"position\":2,\"name\":\"Ibiza Sax para discotecas y playas\"}]},{\"@type\":\"WebSite\",\"@id\":\"https:\/\/anastasia-mcqueen.com\/#website\",\"url\":\"https:\/\/anastasia-mcqueen.com\/\",\"name\":\"Anastasia Mcqueen\",\"description\":\"International female saxophone player based in Ibiza\",\"publisher\":{\"@id\":\"https:\/\/anastasia-mcqueen.com\/#\/schema\/person\/8b63f14e0c523261f55ce6f01812b668\"},\"potentialAction\":[{\"@type\":\"SearchAction\",\"target\":{\"@type\":\"EntryPoint\",\"urlTemplate\":\"https:\/\/anastasia-mcqueen.com\/?s={search_term_string}\"},\"query-input\":{\"@type\":\"PropertyValueSpecification\",\"valueRequired\":true,\"valueName\":\"search_term_string\"}}],\"inLanguage\":\"es\"},{\"@type\":[\"Person\",\"Organization\"],\"@id\":\"https:\/\/anastasia-mcqueen.com\/#\/schema\/person\/8b63f14e0c523261f55ce6f01812b668\",\"name\":\"anastasia-mcqueen\",\"logo\":{\"@id\":\"https:\/\/anastasia-mcqueen.com\/#\/schema\/person\/image\/\"}}]}<\/script>\n<!-- \/ Yoast SEO plugin. -->","yoast_head_json":{"title":"Anastasia McQueen - La espectacular saxofonista de Ibiza","description":"Llene sus eventos en los beach clubs y discotecas de energ\u00eda vibrante con las impresionantes actuaciones de saxof\u00f3n de Anastasia McQueen. Como una de las mejores saxofonistas de Ibiza, Anastasia fascina al p\u00fablico con su presencia esc\u00e9nica y su talento extraordinario. \u00a1Contr\u00e1tela ahora para hacer su evento inolvidable!","robots":{"index":"index","follow":"follow","max-snippet":"max-snippet:-1","max-image-preview":"max-image-preview:large","max-video-preview":"max-video-preview:-1"},"canonical":"https:\/\/anastasia-mcqueen.com\/es\/ibiza-sax-para-discotecas-y-playas\/","og_locale":"es_ES","og_type":"article","og_title":"Anastasia McQueen - La espectacular saxofonista de Ibiza","og_description":"Llene sus eventos en los beach clubs y discotecas de energ\u00eda vibrante con las impresionantes actuaciones de saxof\u00f3n de Anastasia McQueen. Como una de las mejores saxofonistas de Ibiza, Anastasia fascina al p\u00fablico con su presencia esc\u00e9nica y su talento extraordinario. \u00a1Contr\u00e1tela ahora para hacer su evento inolvidable!","og_url":"https:\/\/anastasia-mcqueen.com\/es\/ibiza-sax-para-discotecas-y-playas\/","og_site_name":"Anastasia Mcqueen","article_modified_time":"2024-06-11T13:18:01+00:00","og_image":[{"width":999,"height":444,"url":"https:\/\/anastasia-mcqueen.com\/wp-content\/uploads\/2019\/10\/logo_compressed2.png","type":"image\/png"}],"twitter_card":"summary_large_image","twitter_misc":{"Tiempo de lectura":"2 minutos"},"schema":{"@context":"https:\/\/schema.org","@graph":[{"@type":"WebPage","@id":"https:\/\/anastasia-mcqueen.com\/es\/ibiza-sax-para-discotecas-y-playas\/","url":"https:\/\/anastasia-mcqueen.com\/es\/ibiza-sax-para-discotecas-y-playas\/","name":"Anastasia McQueen - La espectacular saxofonista de Ibiza","isPartOf":{"@id":"https:\/\/anastasia-mcqueen.com\/#website"},"datePublished":"2024-06-04T06:51:09+00:00","dateModified":"2024-06-11T13:18:01+00:00","description":"Llene sus eventos en los beach clubs y discotecas de energ\u00eda vibrante con las impresionantes actuaciones de saxof\u00f3n de Anastasia McQueen. Como una de las mejores saxofonistas de Ibiza, Anastasia fascina al p\u00fablico con su presencia esc\u00e9nica y su talento extraordinario. \u00a1Contr\u00e1tela ahora para hacer su evento inolvidable!","breadcrumb":{"@id":"https:\/\/anastasia-mcqueen.com\/es\/ibiza-sax-para-discotecas-y-playas\/#breadcrumb"},"inLanguage":"es","potentialAction":[{"@type":"ReadAction","target":["https:\/\/anastasia-mcqueen.com\/es\/ibiza-sax-para-discotecas-y-playas\/"]}]},{"@type":"BreadcrumbList","@id":"https:\/\/anastasia-mcqueen.com\/es\/ibiza-sax-para-discotecas-y-playas\/#breadcrumb","itemListElement":[{"@type":"ListItem","position":1,"name":"Home","item":"https:\/\/anastasia-mcqueen.com\/es\/"},{"@type":"ListItem","position":2,"name":"Ibiza Sax para discotecas y playas"}]},{"@type":"WebSite","@id":"https:\/\/anastasia-mcqueen.com\/#website","url":"https:\/\/anastasia-mcqueen.com\/","name":"Anastasia Mcqueen","description":"International female saxophone player based in Ibiza","publisher":{"@id":"https:\/\/anastasia-mcqueen.com\/#\/schema\/person\/8b63f14e0c523261f55ce6f01812b668"},"potentialAction":[{"@type":"SearchAction","target":{"@type":"EntryPoint","urlTemplate":"https:\/\/anastasia-mcqueen.com\/?s={search_term_string}"},"query-input":{"@type":"PropertyValueSpecification","valueRequired":true,"valueName":"search_term_string"}}],"inLanguage":"es"},{"@type":["Person","Organization"],"@id":"https:\/\/anastasia-mcqueen.com\/#\/schema\/person\/8b63f14e0c523261f55ce6f01812b668","name":"anastasia-mcqueen","logo":{"@id":"https:\/\/anastasia-mcqueen.com\/#\/schema\/person\/image\/"}}]}},"_links":{"self":[{"href":"https:\/\/anastasia-mcqueen.com\/es\/wp-json\/wp\/v2\/pages\/6361","targetHints":{"allow":["GET"]}}],"collection":[{"href":"https:\/\/anastasia-mcqueen.com\/es\/wp-json\/wp\/v2\/pages"}],"about":[{"href":"https:\/\/anastasia-mcqueen.com\/es\/wp-json\/wp\/v2\/types\/page"}],"author":[{"embeddable":true,"href":"https:\/\/anastasia-mcqueen.com\/es\/wp-json\/wp\/v2\/users\/5"}],"replies":[{"embeddable":true,"href":"https:\/\/anastasia-mcqueen.com\/es\/wp-json\/wp\/v2\/comments?post=6361"}],"version-history":[{"count":5,"href":"https:\/\/anastasia-mcqueen.com\/es\/wp-json\/wp\/v2\/pages\/6361\/revisions"}],"predecessor-version":[{"id":7108,"href":"https:\/\/anastasia-mcqueen.com\/es\/wp-json\/wp\/v2\/pages\/6361\/revisions\/7108"}],"wp:attachment":[{"href":"https:\/\/anastasia-mcqueen.com\/es\/wp-json\/wp\/v2\/media?parent=6361"}],"curies":[{"name":"wp","href":"https:\/\/api.w.org\/{rel}","templated":true}]}}