{"id":4864,"date":"2020-01-30T12:23:10","date_gmt":"2020-01-30T12:23:10","guid":{"rendered":"https:\/\/anastasia-mcqueen.com\/?page_id=4864"},"modified":"2024-06-11T13:51:35","modified_gmt":"2024-06-11T13:51:35","slug":"contacto","status":"publish","type":"page","link":"https:\/\/anastasia-mcqueen.com\/es\/contacto\/","title":{"rendered":"Contacto"},"content":{"rendered":"<section class=\"wpb-content-wrapper\"><p>[vc_row][vc_column][vc_empty_space][\/vc_column][\/vc_row][vc_row content_width=\u00bbfullwidth\u00bb][vc_column][vc_single_image image=\u00bb7080&#8243; img_size=\u00bbfull\u00bb alignment=\u00bbcenter\u00bb][vc_empty_space][\/vc_column][\/vc_row][vc_row][vc_column width=\u00bb1\/3&#8243;][vc_custom_heading text=\u00bbSaxofonista para bodas\u00bb font_container=\u00bbtag:h3|font_size:26|text_align:center\u00bb use_theme_fonts=\u00bbyes\u00bb link=\u00bburl:https%3A%2F%2Fanastasia-mcqueen.com%2Fes%2Fsaxofonista-para-bodas%2F|||\u00bb][vc_column_text css=\u00bb.vc_custom_1580385965821{padding-top: 10px !important;padding-right: 10px !important;padding-bottom: 10px !important;padding-left: 10px !important;}\u00bb]<\/p>\n<p style=\"text-align: justify;\">La saxofonista femenina Anastasia McQueen es sin duda la mejor opci\u00f3n de entretenimiento para su boda en Ibiza y en cualquier lugar del mundo, como boda en Dubai, boda en M\u00f3naco, boda en Francia, boda en Barcelona, Madrid &amp; muchos m\u00e1s.<\/p>\n<p>[\/vc_column_text][vc_column_text]<\/p>\n<h4 class=\"vntd-cta vntd-cta-style-centered videosh4\"><span style=\"color: #ffffff;\"><a class=\"vntd-cta-button scroll vntd-button-dark\" style=\"color: #ffffff; padding: 10px 39px 8px;\" href=\"https:\/\/anastasia-mcqueen.com\/es\/saxofonista-para-bodas\/\" rel=\"noopener noreferrer\">Leer M\u00e1s<\/a><\/span><\/h4>\n<p>[\/vc_column_text][vc_empty_space][\/vc_column][vc_column width=\u00bb1\/3&#8243;][vc_custom_heading text=\u00bbSaxofonista para eventos\u00bb font_container=\u00bbtag:h3|font_size:26|text_align:center\u00bb use_theme_fonts=\u00bbyes\u00bb link=\u00bburl:https%3A%2F%2Fanastasia-mcqueen.com%2Fes%2Fcontrata-saxofonista-para-eventos%2F|||\u00bb][vc_column_text css=\u00bb.vc_custom_1580385685350{padding-top: 10px !important;padding-right: 10px !important;padding-bottom: 10px !important;padding-left: 10px !important;}\u00bb]<\/p>\n<p style=\"text-align: justify;\">La saxofonista Anastasia McQueen est\u00e1 especializada en tocar el saxof\u00f3n en cualquier tipo de evento, como eventos de empresa, incentivos, ferias, desfiles de moda, eventos navide\u00f1os, ceremonias de entregas de premios y mucho m\u00e1s.<\/p>\n<p>[\/vc_column_text][vc_column_text]<\/p>\n<h4 class=\"vntd-cta vntd-cta-style-centered videosh4\"><span style=\"color: #ffffff;\"><a class=\"vntd-cta-button scroll vntd-button-dark\" style=\"color: #ffffff; padding: 10px 39px 8px;\" href=\"https:\/\/anastasia-mcqueen.com\/es\/saxofonista-para-bodas-eventos-exclusivos\/\" rel=\"noopener noreferrer\">Leer M\u00e1s<\/a><\/span><\/h4>\n<p>[\/vc_column_text][vc_empty_space][\/vc_column][vc_column width=\u00bb1\/3&#8243;][vc_custom_heading text=\u00bbShow navidades y fin de a\u00f1o\u00bb font_container=\u00bbtag:h3|font_size:26|text_align:center\u00bb use_theme_fonts=\u00bbyes\u00bb link=\u00bburl:https%3A%2F%2Fanastasia-mcqueen.com%2Fes%2Fshow-saxo-navidades%2F|||\u00bb][vc_column_text css=\u00bb.vc_custom_1580386062413{padding-top: 10px !important;padding-right: 10px !important;padding-bottom: 10px !important;padding-left: 10px !important;}\u00bb]<\/p>\n<p style=\"text-align: justify;\">Una opci\u00f3n de show y espect\u00e1culo distinto para las navidades. \u00a1Anastasia toca canciones cl\u00e1sicas navide\u00f1as con el saxo seguido de m\u00fasica actual que har\u00e1n que empiece la fiesta en cualquier lugar! Su evento navide\u00f1o ser\u00e1 distinto al resto.<\/p>\n<p>[\/vc_column_text][vc_column_text]<\/p>\n<h4 class=\"vntd-cta vntd-cta-style-centered videosh4\"><span style=\"color: #ffffff;\"><a class=\"vntd-cta-button scroll vntd-button-dark\" style=\"color: #ffffff; padding: 10px 39px 8px;\" href=\"https:\/\/anastasia-mcqueen.com\/es\/saxofonista-para-navidad-y-nochevieja\/\" rel=\"noopener noreferrer\">Leer M\u00e1s<\/a><\/span><\/h4>\n<p>[\/vc_column_text][vc_empty_space][\/vc_column][\/vc_row][vc_row parallax=\u00bbyes\u00bb color_scheme=\u00bbwhite\u00bb css=\u00bb.vc_custom_1580297638500{padding-bottom: 70px !important;background-position: center;background-repeat: no-repeat !important;background-size: cover !important;}\u00bb][vc_column][vc_row_inner css=\u00bb.vc_custom_1575534321039{padding-top: 40px !important;padding-bottom: 40px !important;}\u00bb][vc_column_inner width=\u00bb1\/2&#8243;]<div class=\"ult-spacer spacer-69e078d015d42\" data-id=\"69e078d015d42\" data-height=\"20\" data-height-mobile=\"20\" data-height-tab=\"20\" data-height-tab-portrait=\"\" data-height-mobile-landscape=\"\" style=\"clear:both;display:block;\"><\/div><div class=\"aio-icon-component    style_1\"><div id=\"Info-box-wrap-6220\" class=\"aio-icon-box default-icon\" style=\"\"  ><div class=\"aio-icon-default\"><div class=\"ult-just-icon-wrapper  \"><div class=\"align-icon\" style=\"text-align:center;\">\n<div class=\"aio-icon none \"  style=\"color:#333;font-size:32px;display:inline-block;\">\n\t<i class=\"Defaults-mobile mobile-phone\"><\/i>\n<\/div><\/div><\/div><\/div><div class=\"aio-icon-description ult-responsive\"  data-ultimate-target='#Info-box-wrap-6220 .aio-icon-description'  data-responsive-json-new='{\"font-size\":\"\",\"line-height\":\"\"}'  style=\"\"><strong><a href=\"tel:+34 646 139 249\" target=\"_blank\" rel=\"noopener noreferrer\">+34 646 139 249<\/a><\/strong><\/div> <!-- description --><\/div> <!-- aio-icon-box --><\/div> <!-- aio-icon-component --><div class=\"ult-spacer spacer-69e078d016285\" data-id=\"69e078d016285\" data-height=\"20\" data-height-mobile=\"20\" data-height-tab=\"20\" data-height-tab-portrait=\"\" data-height-mobile-landscape=\"\" style=\"clear:both;display:block;\"><\/div><div class=\"aio-icon-component    style_1\"><div id=\"Info-box-wrap-6542\" class=\"aio-icon-box default-icon\" style=\"\"  ><div class=\"aio-icon-default\"><div class=\"ult-just-icon-wrapper  \"><div class=\"align-icon\" style=\"text-align:center;\">\n<div class=\"aio-icon none \"  style=\"color:#333;font-size:32px;display:inline-block;\">\n\t<i class=\"Defaults-envelope-o\"><\/i>\n<\/div><\/div><\/div><\/div><div class=\"aio-icon-description ult-responsive\"  data-ultimate-target='#Info-box-wrap-6542 .aio-icon-description'  data-responsive-json-new='{\"font-size\":\"\",\"line-height\":\"\"}'  style=\"\"><a href=\"mailto:info@anastasia-mcqueen.com\" target=\"_blank\" rel=\"noopener noreferrer\"><span style=\"color: #000000;\"><strong>info@anastasia-mcqueen.com<\/strong><\/span><\/a><\/div> <!-- description --><\/div> <!-- aio-icon-box --><\/div> <!-- aio-icon-component --><div class=\"ult-spacer spacer-69e078d01639f\" data-id=\"69e078d01639f\" data-height=\"20\" data-height-mobile=\"20\" data-height-tab=\"20\" data-height-tab-portrait=\"\" data-height-mobile-landscape=\"\" style=\"clear:both;display:block;\"><\/div>[vc_column_text]<span style=\"color: #000000;\"><strong>S\u00edguenos:<\/strong><\/span>[\/vc_column_text][vc_raw_html]JTNDYSUyMGhyZWYlM0QlMjJodHRwcyUzQSUyRiUyRnd3dy5pbnN0YWdyYW0uY29tJTJGYW5hc3Rhc2lhX3NheF9tY3F1ZWVuJTJGJTIyJTIwdGFyZ2V0JTNEJTIyX2JsYW5rJTIyJTIwY2xhc3MlM0QlMjJzb2NpYWwtaWNvbnMlMjIlM0UlM0NpbWclMjBzcmMlM0QlMjJodHRwcyUzQSUyRiUyRmFuYXN0YXNpYS1tY3F1ZWVuLmNvbSUyRndwLWNvbnRlbnQlMkZ1cGxvYWRzJTJGMjAyNCUyRjA1JTJGaW5zdGEtc29jaWFsaWNvbnMxLnBuZyUyMiUyMHN0eWxlJTNEJTIyd2lkdGglM0E2MHB4JTNCJTIyJTNFJTNDJTJGYSUzRSUwQSUzQ2ElMjBocmVmJTNEJTIyaHR0cHMlM0ElMkYlMkZ3d3cudGlrdG9rLmNvbSUyRiU0MGFuYXN0YXNpYV9zYXhfbWNxdWVlbiUzRl90JTNEOG1WWkp6M3Z4ZzElMjZfciUzRDElMjIlMjB0YXJnZXQlM0QlMjJfYmxhbmslMjIlMjBjbGFzcyUzRCUyMnNvY2lhbC1pY29ucyUyMiUzRSUzQ2ltZyUyMHNyYyUzRCUyMmh0dHBzJTNBJTJGJTJGYW5hc3Rhc2lhLW1jcXVlZW4uY29tJTJGd3AtY29udGVudCUyRnVwbG9hZHMlMkYyMDI0JTJGMDUlMkZ0aWt0b2stc29jaWFsaWNvbnMxLnBuZyUyMiUyMHN0eWxlJTNEJTIyd2lkdGglM0E2MHB4JTNCJTIyJTNFJTNDJTJGYSUzRSUwQSUzQ2ElMjBocmVmJTNEJTIyaHR0cHMlM0ElMkYlMkZ3d3cueW91dHViZS5jb20lMkZjaGFubmVsJTJGVUMzaUlyeGdMTFRPTjlJUGNHajM3Ni13JTIyJTIwdGFyZ2V0JTNEJTIyX2JsYW5rJTIyJTIwY2xhc3MlM0QlMjJzb2NpYWwtaWNvbnMlMjIlM0UlM0NpbWclMjBzcmMlM0QlMjJodHRwcyUzQSUyRiUyRmFuYXN0YXNpYS1tY3F1ZWVuLmNvbSUyRndwLWNvbnRlbnQlMkZ1cGxvYWRzJTJGMjAyNCUyRjA1JTJGeXQtc29jaWFsaWNvbnMxLnBuZyUyMiUyMHN0eWxlJTNEJTIyd2lkdGglM0E2MHB4JTNCJTIyJTNFJTNDJTJGYSUzRSUwQSUzQ2ElMjBocmVmJTNEJTIyaHR0cHMlM0ElMkYlMkZ0d2l0dGVyLmNvbSUyRmZlbWFsZV9zYXhfc2hvdyUyMiUyMHRhcmdldCUzRCUyMl9ibGFuayUyMiUyMGNsYXNzJTNEJTIyc29jaWFsLWljb25zJTIyJTNFJTNDaW1nJTIwc3JjJTNEJTIyaHR0cHMlM0ElMkYlMkZhbmFzdGFzaWEtbWNxdWVlbi5jb20lMkZ3cC1jb250ZW50JTJGdXBsb2FkcyUyRjIwMjQlMkYwNSUyRnR3aXR0ZXItc29jaWFsaWNvbnMucG5nJTIyJTIwc3R5bGUlM0QlMjJ3aWR0aCUzQTYwcHglM0IlMjIlM0UlM0MlMkZhJTNFJTBBJTNDYSUyMGhyZWYlM0QlMjJodHRwcyUzQSUyRiUyRnd3dy5mYWNlYm9vay5jb20lMkZpYml6YXNheHF1ZWVuJTJGJTIyJTIwdGFyZ2V0JTNEJTIyX2JsYW5rJTIyJTIwY2xhc3MlM0QlMjJzb2NpYWwtaWNvbnMlMjIlM0UlM0NpbWclMjBzcmMlM0QlMjJodHRwcyUzQSUyRiUyRmFuYXN0YXNpYS1tY3F1ZWVuLmNvbSUyRndwLWNvbnRlbnQlMkZ1cGxvYWRzJTJGMjAyNCUyRjA1JTJGZmItc29jaWFsaWNvbnMxLnBuZyUyMiUyMHN0eWxlJTNEJTIyd2lkdGglM0E2MHB4JTNCJTIyJTNFJTNDJTJGYSUzRQ==[\/vc_raw_html][\/vc_column_inner][vc_column_inner width=\u00bb1\/2&#8243; css=\u00bb.vc_custom_1580297757306{background-color: rgba(170,170,170,0.4) !important;*background-color: rgb(170,170,170) !important;}\u00bb][vc_custom_heading text=\u00bbFormulario de Contacto\u00bb font_container=\u00bbtag:h4|font_size:18|text_align:center|color:%23ffffff\u00bb google_fonts=\u00bbfont_family:Oswald%3A300%2Cregular%2C700|font_style:700%20bold%20regular%3A700%3Anormal\u00bb]<div class=\"contact font-primary\">\n<div class=\"wpcf7 no-js\" id=\"wpcf7-f3670-o1\" lang=\"en-US\" dir=\"ltr\" data-wpcf7-id=\"3670\">\n<div class=\"screen-reader-response\"><p role=\"status\" aria-live=\"polite\" aria-atomic=\"true\"><\/p> <ul><\/ul><\/div>\n<form action=\"\/es\/wp-json\/wp\/v2\/pages\/4864#wpcf7-f3670-o1\" method=\"post\" class=\"wpcf7-form init\" aria-label=\"Contact form\" novalidate=\"novalidate\" data-status=\"init\">\n<fieldset class=\"hidden-fields-container\"><input type=\"hidden\" name=\"_wpcf7\" value=\"3670\" \/><input type=\"hidden\" name=\"_wpcf7_version\" value=\"6.1.2\" \/><input type=\"hidden\" name=\"_wpcf7_locale\" value=\"en_US\" \/><input type=\"hidden\" name=\"_wpcf7_unit_tag\" value=\"wpcf7-f3670-o1\" \/><input type=\"hidden\" name=\"_wpcf7_container_post\" value=\"0\" \/><input type=\"hidden\" name=\"_wpcf7_posted_data_hash\" value=\"\" \/><input type=\"hidden\" name=\"_wpcf7_recaptcha_response\" value=\"\" \/>\n<\/fieldset>\n<div class=\"col-md-12\">\n\t<p class=\"form-customer\">\n\t<\/p>\n\t<p><span class=\"wpcf7-form-control-wrap\" data-name=\"name-i\"><input size=\"40\" maxlength=\"400\" class=\"wpcf7-form-control wpcf7-text wpcf7-validates-as-required\" aria-required=\"true\" aria-invalid=\"false\" placeholder=\"Nombre\" value=\"\" type=\"text\" name=\"name-i\" \/><\/span>\n\t<\/p>\n<\/div>\n<div class=\"col-md-12\">\n\t<p class=\"form-customer\">\n\t<\/p>\n\t<p><span class=\"wpcf7-form-control-wrap\" data-name=\"tel-i\"><input size=\"40\" maxlength=\"400\" class=\"wpcf7-form-control wpcf7-text\" aria-invalid=\"false\" placeholder=\"Telefono\" value=\"\" type=\"text\" name=\"tel-i\" \/><\/span>\n\t<\/p>\n<\/div>\n<div class=\"col-md-12\">\n\t<p class=\"form-customer\">\n\t<\/p>\n\t<p><span class=\"wpcf7-form-control-wrap\" data-name=\"email-i\"><input size=\"40\" maxlength=\"400\" class=\"wpcf7-form-control wpcf7-email wpcf7-validates-as-required wpcf7-text wpcf7-validates-as-email\" aria-required=\"true\" aria-invalid=\"false\" placeholder=\"Email\" value=\"\" type=\"email\" name=\"email-i\" \/><\/span>\n\t<\/p>\n<\/div>\n<div class=\"col-md-12\">\n\t<p class=\"form-customer\">\n\t<\/p>\n\t<p><span class=\"wpcf7-form-control-wrap\" data-name=\"date-i\"><input size=\"40\" maxlength=\"400\" class=\"wpcf7-form-control wpcf7-text\" aria-invalid=\"false\" placeholder=\"Fecha del evento\" value=\"\" type=\"text\" name=\"date-i\" \/><\/span>\n\t<\/p>\n<\/div>\n<div class=\"col-md-12\">\n\t<p class=\"form-customer\">\n\t<\/p>\n\t<p><span class=\"wpcf7-form-control-wrap\" data-name=\"place-i\"><input size=\"40\" maxlength=\"400\" class=\"wpcf7-form-control wpcf7-text\" aria-invalid=\"false\" placeholder=\"Lugar del evento\" value=\"\" type=\"text\" name=\"place-i\" \/><\/span>\n\t<\/p>\n<\/div>\n<div class=\"col-md-12\">\n\t<p class=\"form-customer\">\n\t<\/p>\n\t<p><span class=\"wpcf7-form-control-wrap\" data-name=\"num-i\"><input size=\"40\" maxlength=\"400\" class=\"wpcf7-form-control wpcf7-text\" aria-invalid=\"false\" placeholder=\"Numero de invitados\" value=\"\" type=\"text\" name=\"num-i\" \/><\/span>\n\t<\/p>\n<\/div>\n<div class=\"col-md-12\">\n\t<p class=\"form-customer\">\n\t<\/p>\n\t<p><span class=\"wpcf7-form-control-wrap\" data-name=\"asunto-i\"><input size=\"40\" maxlength=\"400\" class=\"wpcf7-form-control wpcf7-text\" aria-invalid=\"false\" placeholder=\"Asunto\" value=\"\" type=\"text\" name=\"asunto-i\" \/><\/span>\n\t<\/p>\n<\/div>\n<div class=\"col-md-12\">\n\t<p class=\"form-customer\">\n\t<\/p>\n\t<p><span class=\"wpcf7-form-control-wrap\" data-name=\"other-info\"><textarea cols=\"40\" rows=\"10\" maxlength=\"2000\" class=\"wpcf7-form-control wpcf7-textarea wpcf7-validates-as-required\" aria-required=\"true\" aria-invalid=\"false\" placeholder=\"OTRA INFO\" name=\"other-info\"><\/textarea><\/span>\n\t<\/p>\n<\/div>\n<div class=\"clearfix\">\n<\/div>\n<div class=\"rgpd\">\n\t<p><span>Responsable\/Identidad: Q Premium group ibiza S.L. - CIF: B57953275 - Dir. postal: Av. Pedro Matutes Noguera 40 CP:07800 Illes Ballears (Espa\u00f1a), Correo Electr\u00f3nico: info@anastasia-mcqueen.com.<\/span>\n\t<\/p>\n\t<p><span>En nombre de la empresa tratamos la informaci\u00f3n que nos facilita con el fin de prestarles el servicio solicitado, realizar la facturaci\u00f3n del mismo. Los datos proporcionados se conservar\u00e1n mientras se mantenga la relaci\u00f3n comercial o durante los a\u00f1os necesarios para cumplir con las obligaciones legales. Los datos no se ceder\u00e1n a terceros salvo en los casos en que exista una obligaci\u00f3n legal. Usted tiene derecho a obtener confirmaci\u00f3n sobre si en Q Premium group ibiza S.L. estamos tratando sus datos personales por tanto tiene derecho a acceder a sus datos personales, rectificar los datos inexactos o solicitar su supresi\u00f3n cuando los datos ya no sean necesarios.<\/span>\n\t<\/p>\n\t<p><span>Asimismo solicito su autorizaci\u00f3n para ofrecerle productos y servicios relacionados con los solicitados y fidelizarle como cliente.<\/span>\n\t<\/p>\n\t<p><span class=\"wpcf7-form-control-wrap\" data-name=\"checkbox-1\"><span class=\"wpcf7-form-control wpcf7-checkbox wpcf7-validates-as-required wpcf7-exclusive-checkbox\"><span class=\"wpcf7-list-item first\"><input type=\"checkbox\" name=\"checkbox-1\" value=\"SI\" \/><span class=\"wpcf7-list-item-label\">SI<\/span><\/span><span class=\"wpcf7-list-item last\"><input type=\"checkbox\" name=\"checkbox-1\" value=\"NO\" \/><span class=\"wpcf7-list-item-label\">NO<\/span><\/span><\/span><\/span>\n\t<\/p>\n<\/div>\n<div class=\"col-md-12\">\n\t<p><input class=\"wpcf7-form-control wpcf7-submit has-spinner\" type=\"submit\" value=\"Enviar\" \/>\n\t<\/p>\n<\/div><p style=\"display: none !important;\" class=\"akismet-fields-container\" data-prefix=\"_wpcf7_ak_\"><label>&#916;<textarea name=\"_wpcf7_ak_hp_textarea\" cols=\"45\" rows=\"8\" maxlength=\"100\"><\/textarea><\/label><input type=\"hidden\" id=\"ak_js_1\" name=\"_wpcf7_ak_js\" value=\"117\"\/><script>document.getElementById( \"ak_js_1\" ).setAttribute( \"value\", ( new Date() ).getTime() );<\/script><\/p><div class=\"wpcf7-response-output\" aria-hidden=\"true\"><\/div>\n<\/form>\n<\/div>\n<\/div>[\/vc_column_inner][\/vc_row_inner][\/vc_column][\/vc_row]<\/p>\n<\/section>","protected":false},"excerpt":{"rendered":"<p>[vc_row][vc_column][vc_empty_space][\/vc_column][\/vc_row][vc_row content_width=\u00bbfullwidth\u00bb][vc_column][vc_single_image image=\u00bb7080&#8243; img_size=\u00bbfull\u00bb alignment=\u00bbcenter\u00bb][vc_empty_space][\/vc_column][\/vc_row][vc_row][vc_column width=\u00bb1\/3&#8243;][vc_custom_heading text=\u00bbSaxofonista para bodas\u00bb font_container=\u00bbtag:h3|font_size:26|text_align:center\u00bb use_theme_fonts=\u00bbyes\u00bb link=\u00bburl:https%3A%2F%2Fanastasia-mcqueen.com%2Fes%2Fsaxofonista-para-bodas%2F|||\u00bb][vc_column_text css=\u00bb.vc_custom_1580385965821{padding-top: 10px !important;padding-right: 10px !important;padding-bottom: 10px !important;padding-left: 10px !important;}\u00bb] La saxofonista femenina Anastasia McQueen es sin duda la mejor opci\u00f3n de entretenimiento para su boda en Ibiza y en cualquier lugar del mundo, como boda en Dubai, boda en M\u00f3naco, boda en Francia, boda en Barcelona, Madrid &amp; muchos m\u00e1s. [\/vc_column_text][vc_column_text] Leer M\u00e1s [\/vc_column_text][vc_empty_space][\/vc_column][vc_column width=\u00bb1\/3&#8243;][vc_custom_heading text=\u00bbSaxofonista para eventos\u00bb [&hellip;]<\/p>\n","protected":false},"author":1,"featured_media":0,"parent":0,"menu_order":0,"comment_status":"closed","ping_status":"closed","template":"","meta":{"footnotes":""},"class_list":["post-4864","page","type-page","status-publish","hentry"],"yoast_head":"<!-- This site is optimized with the Yoast SEO plugin v26.1.1 - https:\/\/yoast.com\/wordpress\/plugins\/seo\/ -->\n<title>Contacto - Anastasia McQueen - La espectacular saxofonista de Ibiza<\/title>\n<meta name=\"description\" content=\"Experimente la magia de las actuaciones de saxof\u00f3n en vivo de Anastasia McQueen en los mejores lugares de Ibiza y de todo el mundo. Con m\u00e1s de 1000+ eventos exitosos en diferentes pa\u00edses del mundo. Anastasia combina talento musical con apariencia de modelo. \u00a1Reservala para tu pr\u00f3ximo evento!\" \/>\n<meta name=\"robots\" content=\"index, follow, max-snippet:-1, max-image-preview:large, max-video-preview:-1\" \/>\n<link rel=\"canonical\" href=\"https:\/\/anastasia-mcqueen.com\/es\/contacto\/\" \/>\n<meta property=\"og:locale\" content=\"es_ES\" \/>\n<meta property=\"og:type\" content=\"article\" \/>\n<meta property=\"og:title\" content=\"Contacto - Anastasia McQueen - La espectacular saxofonista de Ibiza\" \/>\n<meta property=\"og:description\" content=\"Experimente la magia de las actuaciones de saxof\u00f3n en vivo de Anastasia McQueen en los mejores lugares de Ibiza y de todo el mundo. Con m\u00e1s de 1000+ eventos exitosos en diferentes pa\u00edses del mundo. Anastasia combina talento musical con apariencia de modelo. \u00a1Reservala para tu pr\u00f3ximo evento!\" \/>\n<meta property=\"og:url\" content=\"https:\/\/anastasia-mcqueen.com\/es\/contacto\/\" \/>\n<meta property=\"og:site_name\" content=\"Anastasia Mcqueen\" \/>\n<meta property=\"article:modified_time\" content=\"2024-06-11T13:51:35+00:00\" \/>\n<meta property=\"og:image\" content=\"https:\/\/anastasia-mcqueen.com\/wp-content\/uploads\/2019\/10\/logo_compressed2.png\" \/>\n\t<meta property=\"og:image:width\" content=\"999\" \/>\n\t<meta property=\"og:image:height\" content=\"444\" \/>\n\t<meta property=\"og:image:type\" content=\"image\/png\" \/>\n<meta name=\"twitter:card\" content=\"summary_large_image\" \/>\n<meta name=\"twitter:label1\" content=\"Tiempo de lectura\" \/>\n\t<meta name=\"twitter:data1\" content=\"2 minutos\" \/>\n<script type=\"application\/ld+json\" class=\"yoast-schema-graph\">{\"@context\":\"https:\/\/schema.org\",\"@graph\":[{\"@type\":\"WebPage\",\"@id\":\"https:\/\/anastasia-mcqueen.com\/es\/contacto\/\",\"url\":\"https:\/\/anastasia-mcqueen.com\/es\/contacto\/\",\"name\":\"Contacto - Anastasia McQueen - La espectacular saxofonista de Ibiza\",\"isPartOf\":{\"@id\":\"https:\/\/anastasia-mcqueen.com\/#website\"},\"datePublished\":\"2020-01-30T12:23:10+00:00\",\"dateModified\":\"2024-06-11T13:51:35+00:00\",\"description\":\"Experimente la magia de las actuaciones de saxof\u00f3n en vivo de Anastasia McQueen en los mejores lugares de Ibiza y de todo el mundo. Con m\u00e1s de 1000+ eventos exitosos en diferentes pa\u00edses del mundo. Anastasia combina talento musical con apariencia de modelo. \u00a1Reservala para tu pr\u00f3ximo evento!\",\"breadcrumb\":{\"@id\":\"https:\/\/anastasia-mcqueen.com\/es\/contacto\/#breadcrumb\"},\"inLanguage\":\"es\",\"potentialAction\":[{\"@type\":\"ReadAction\",\"target\":[\"https:\/\/anastasia-mcqueen.com\/es\/contacto\/\"]}]},{\"@type\":\"BreadcrumbList\",\"@id\":\"https:\/\/anastasia-mcqueen.com\/es\/contacto\/#breadcrumb\",\"itemListElement\":[{\"@type\":\"ListItem\",\"position\":1,\"name\":\"Home\",\"item\":\"https:\/\/anastasia-mcqueen.com\/es\/\"},{\"@type\":\"ListItem\",\"position\":2,\"name\":\"Contacto\"}]},{\"@type\":\"WebSite\",\"@id\":\"https:\/\/anastasia-mcqueen.com\/#website\",\"url\":\"https:\/\/anastasia-mcqueen.com\/\",\"name\":\"Anastasia Mcqueen\",\"description\":\"International female saxophone player based in Ibiza\",\"publisher\":{\"@id\":\"https:\/\/anastasia-mcqueen.com\/#\/schema\/person\/8b63f14e0c523261f55ce6f01812b668\"},\"potentialAction\":[{\"@type\":\"SearchAction\",\"target\":{\"@type\":\"EntryPoint\",\"urlTemplate\":\"https:\/\/anastasia-mcqueen.com\/?s={search_term_string}\"},\"query-input\":{\"@type\":\"PropertyValueSpecification\",\"valueRequired\":true,\"valueName\":\"search_term_string\"}}],\"inLanguage\":\"es\"},{\"@type\":[\"Person\",\"Organization\"],\"@id\":\"https:\/\/anastasia-mcqueen.com\/#\/schema\/person\/8b63f14e0c523261f55ce6f01812b668\",\"name\":\"anastasia-mcqueen\",\"logo\":{\"@id\":\"https:\/\/anastasia-mcqueen.com\/#\/schema\/person\/image\/\"}}]}<\/script>\n<!-- \/ Yoast SEO plugin. -->","yoast_head_json":{"title":"Contacto - Anastasia McQueen - La espectacular saxofonista de Ibiza","description":"Experimente la magia de las actuaciones de saxof\u00f3n en vivo de Anastasia McQueen en los mejores lugares de Ibiza y de todo el mundo. Con m\u00e1s de 1000+ eventos exitosos en diferentes pa\u00edses del mundo. Anastasia combina talento musical con apariencia de modelo. \u00a1Reservala para tu pr\u00f3ximo evento!","robots":{"index":"index","follow":"follow","max-snippet":"max-snippet:-1","max-image-preview":"max-image-preview:large","max-video-preview":"max-video-preview:-1"},"canonical":"https:\/\/anastasia-mcqueen.com\/es\/contacto\/","og_locale":"es_ES","og_type":"article","og_title":"Contacto - Anastasia McQueen - La espectacular saxofonista de Ibiza","og_description":"Experimente la magia de las actuaciones de saxof\u00f3n en vivo de Anastasia McQueen en los mejores lugares de Ibiza y de todo el mundo. Con m\u00e1s de 1000+ eventos exitosos en diferentes pa\u00edses del mundo. Anastasia combina talento musical con apariencia de modelo. \u00a1Reservala para tu pr\u00f3ximo evento!","og_url":"https:\/\/anastasia-mcqueen.com\/es\/contacto\/","og_site_name":"Anastasia Mcqueen","article_modified_time":"2024-06-11T13:51:35+00:00","og_image":[{"width":999,"height":444,"url":"https:\/\/anastasia-mcqueen.com\/wp-content\/uploads\/2019\/10\/logo_compressed2.png","type":"image\/png"}],"twitter_card":"summary_large_image","twitter_misc":{"Tiempo de lectura":"2 minutos"},"schema":{"@context":"https:\/\/schema.org","@graph":[{"@type":"WebPage","@id":"https:\/\/anastasia-mcqueen.com\/es\/contacto\/","url":"https:\/\/anastasia-mcqueen.com\/es\/contacto\/","name":"Contacto - Anastasia McQueen - La espectacular saxofonista de Ibiza","isPartOf":{"@id":"https:\/\/anastasia-mcqueen.com\/#website"},"datePublished":"2020-01-30T12:23:10+00:00","dateModified":"2024-06-11T13:51:35+00:00","description":"Experimente la magia de las actuaciones de saxof\u00f3n en vivo de Anastasia McQueen en los mejores lugares de Ibiza y de todo el mundo. Con m\u00e1s de 1000+ eventos exitosos en diferentes pa\u00edses del mundo. Anastasia combina talento musical con apariencia de modelo. \u00a1Reservala para tu pr\u00f3ximo evento!","breadcrumb":{"@id":"https:\/\/anastasia-mcqueen.com\/es\/contacto\/#breadcrumb"},"inLanguage":"es","potentialAction":[{"@type":"ReadAction","target":["https:\/\/anastasia-mcqueen.com\/es\/contacto\/"]}]},{"@type":"BreadcrumbList","@id":"https:\/\/anastasia-mcqueen.com\/es\/contacto\/#breadcrumb","itemListElement":[{"@type":"ListItem","position":1,"name":"Home","item":"https:\/\/anastasia-mcqueen.com\/es\/"},{"@type":"ListItem","position":2,"name":"Contacto"}]},{"@type":"WebSite","@id":"https:\/\/anastasia-mcqueen.com\/#website","url":"https:\/\/anastasia-mcqueen.com\/","name":"Anastasia Mcqueen","description":"International female saxophone player based in Ibiza","publisher":{"@id":"https:\/\/anastasia-mcqueen.com\/#\/schema\/person\/8b63f14e0c523261f55ce6f01812b668"},"potentialAction":[{"@type":"SearchAction","target":{"@type":"EntryPoint","urlTemplate":"https:\/\/anastasia-mcqueen.com\/?s={search_term_string}"},"query-input":{"@type":"PropertyValueSpecification","valueRequired":true,"valueName":"search_term_string"}}],"inLanguage":"es"},{"@type":["Person","Organization"],"@id":"https:\/\/anastasia-mcqueen.com\/#\/schema\/person\/8b63f14e0c523261f55ce6f01812b668","name":"anastasia-mcqueen","logo":{"@id":"https:\/\/anastasia-mcqueen.com\/#\/schema\/person\/image\/"}}]}},"_links":{"self":[{"href":"https:\/\/anastasia-mcqueen.com\/es\/wp-json\/wp\/v2\/pages\/4864","targetHints":{"allow":["GET"]}}],"collection":[{"href":"https:\/\/anastasia-mcqueen.com\/es\/wp-json\/wp\/v2\/pages"}],"about":[{"href":"https:\/\/anastasia-mcqueen.com\/es\/wp-json\/wp\/v2\/types\/page"}],"author":[{"embeddable":true,"href":"https:\/\/anastasia-mcqueen.com\/es\/wp-json\/wp\/v2\/users\/1"}],"replies":[{"embeddable":true,"href":"https:\/\/anastasia-mcqueen.com\/es\/wp-json\/wp\/v2\/comments?post=4864"}],"version-history":[{"count":5,"href":"https:\/\/anastasia-mcqueen.com\/es\/wp-json\/wp\/v2\/pages\/4864\/revisions"}],"predecessor-version":[{"id":7122,"href":"https:\/\/anastasia-mcqueen.com\/es\/wp-json\/wp\/v2\/pages\/4864\/revisions\/7122"}],"wp:attachment":[{"href":"https:\/\/anastasia-mcqueen.com\/es\/wp-json\/wp\/v2\/media?parent=4864"}],"curies":[{"name":"wp","href":"https:\/\/api.w.org\/{rel}","templated":true}]}}