{"id":4492,"date":"2019-12-05T10:46:25","date_gmt":"2019-12-05T10:46:25","guid":{"rendered":"https:\/\/anastasia-mcqueen.com\/?page_id=4492"},"modified":"2020-02-13T11:33:00","modified_gmt":"2020-02-13T11:33:00","slug":"show-saxo-navidades","status":"publish","type":"page","link":"https:\/\/anastasia-mcqueen.com\/es\/show-saxo-navidades\/","title":{"rendered":"Show Saxof\u00f3n navidades &#038; fin de a\u00f1o"},"content":{"rendered":"<section class=\"wpb-content-wrapper\"><p>[vc_row][vc_column][vc_empty_space][\/vc_column][\/vc_row][vc_row][vc_column width=\u00bb1\/6&#8243;][\/vc_column][vc_column width=\u00bb2\/3&#8243;][vc_video link=\u00bbhttps:\/\/www.youtube.com\/watch?v=Oozl0oe_uB4&#8243; align=\u00bbcenter\u00bb][\/vc_column][vc_column width=\u00bb1\/6&#8243;][\/vc_column][\/vc_row][vc_row][vc_column][vc_custom_heading text=\u00bbSHOW SAXO NAVIDADES\u00bb font_container=\u00bbtag:h1|text_align:left\u00bb google_fonts=\u00bbfont_family:Oswald%3A300%2Cregular%2C700|font_style:400%20regular%3A400%3Anormal\u00bb][vc_column_text]Una opci\u00f3n de <strong>show y espect\u00e1culo<\/strong> distinto para las <strong>navidades<\/strong>, Anastasia toca <strong>canciones <\/strong>cl\u00e1sicas <strong>navide\u00f1as<\/strong> con el <strong>saxo<\/strong> seguido de m\u00fasica actual que har\u00e1n que empiece la <strong>fiesta<\/strong> en cualquier lugar!<\/p>\n<p>Su vestido sexy y elegante de <strong>santa claus<\/strong> impresionar\u00e1 a sus invitados y har\u00e1n que su <strong>evento navide\u00f1o<\/strong> sea distinto al resto.[\/vc_column_text][\/vc_column][\/vc_row][vc_row][vc_column]<div id=\"ult-carousel-165805593869e09572d7056\" class=\"ult-carousel-wrapper   ult_horizontal\" data-gutter=\"15\" data-rtl=\"false\" ><div class=\"ult-carousel-55514549969e09572d6a97 \" >[vc_single_image image=\u00bb4419&#8243; alignment=\u00bbcenter\u00bb style=\u00bbvc_box_shadow_border\u00bb onclick=\u00bblink_image\u00bb][vc_single_image image=\u00bb4404&#8243; alignment=\u00bbcenter\u00bb style=\u00bbvc_box_shadow_border\u00bb onclick=\u00bblink_image\u00bb][vc_single_image image=\u00bb4414&#8243; alignment=\u00bbcenter\u00bb style=\u00bbvc_box_shadow_border\u00bb onclick=\u00bblink_image\u00bb][vc_single_image image=\u00bb4411&#8243; alignment=\u00bbcenter\u00bb style=\u00bbvc_box_shadow_border\u00bb onclick=\u00bblink_image\u00bb][vc_single_image image=\u00bb4407&#8243; alignment=\u00bbcenter\u00bb style=\u00bbvc_box_shadow_border\u00bb onclick=\u00bblink_image\u00bb][vc_single_image image=\u00bb4392&#8243; alignment=\u00bbcenter\u00bb style=\u00bbvc_box_shadow_border\u00bb onclick=\u00bblink_image\u00bb][vc_single_image image=\u00bb4387&#8243; alignment=\u00bbcenter\u00bb style=\u00bbvc_box_shadow_border\u00bb onclick=\u00bblink_image\u00bb]<\/div><\/div>\t\t\t<script type=\"text\/javascript\">\r\n\t\t\t\tjQuery(document).ready(function ($) {\r\n\t\t\t\t\tif( typeof jQuery('.ult-carousel-55514549969e09572d6a97').slick == \"function\"){\r\n\t\t\t\t\t\t$('.ult-carousel-55514549969e09572d6a97').slick({dots: true,autoplay: true,autoplaySpeed: 5000,speed: 300,infinite: true,arrows: true,nextArrow: '<button type=\"button\" role=\"button\" aria-label=\"Next\" style=\"color:#ffffff; font-size:20px;background:#333333;\" class=\"slick-next circle-bg\"><i class=\"ultsl-arrow-right6\"><\/i><\/button>',prevArrow: '<button type=\"button\" role=\"button\" aria-label=\"Previous\" style=\"color:#ffffff; font-size:20px;background:#333333;\" class=\"slick-prev circle-bg\"><i class=\"ultsl-arrow-left6\"><\/i><\/button>',slidesToScroll:5,slidesToShow:5,swipe: true,draggable: true,touchMove: true,pauseOnHover: true,pauseOnFocus: false,responsive: [\r\n\t\t\t\t\t\t\t{\r\n\t\t\t\t\t\t\t  breakpoint: 1026,\r\n\t\t\t\t\t\t\t  settings: {\r\n\t\t\t\t\t\t\t\tslidesToShow: 5,\r\n\t\t\t\t\t\t\t\tslidesToScroll: 5,  \r\n\t\t\t\t\t\t\t  }\r\n\t\t\t\t\t\t\t},\r\n\t\t\t\t\t\t\t{\r\n\t\t\t\t\t\t\t  breakpoint: 1025,\r\n\t\t\t\t\t\t\t  settings: {\r\n\t\t\t\t\t\t\t\tslidesToShow: 3,\r\n\t\t\t\t\t\t\t\tslidesToScroll: 3\r\n\t\t\t\t\t\t\t  }\r\n\t\t\t\t\t\t\t},\r\n\t\t\t\t\t\t\t{\r\n\t\t\t\t\t\t\t  breakpoint: 760,\r\n\t\t\t\t\t\t\t  settings: {\r\n\t\t\t\t\t\t\t\tslidesToShow: 2,\r\n\t\t\t\t\t\t\t\tslidesToScroll: 2\r\n\t\t\t\t\t\t\t  }\r\n\t\t\t\t\t\t\t}\r\n\t\t\t\t\t\t],pauseOnDotsHover: true,customPaging: function(slider, i) {\r\n                   return '<i type=\"button\" style= \"color:#333333;\" class=\"ultsl-record\" data-role=\"none\"><\/i>';\r\n                },});\r\n\t\t\t\t\t}\r\n\t\t\t\t});\r\n\t\t\t<\/script>\r\n\t\t\t[vc_empty_space][\/vc_column][\/vc_row][vc_row el_id=\u00bbcontact\u00bb color_scheme=\u00bbwhite\u00bb content_width=\u00bbfullwidth\u00bb css=\u00bb.vc_custom_1581593096351{padding-bottom: 0px !important;background-image: url(https:\/\/anastasia-mcqueen.com\/wp-content\/uploads\/2016\/08\/contact_compressed.jpg?id=2531) !important;background-position: center !important;background-repeat: no-repeat !important;background-size: cover !important;}\u00bb el_class=\u00bbcontact-bkg\u00bb][vc_column width=\u00bb1\/2&#8243;][\/vc_column][vc_column width=\u00bb1\/2&#8243;][vc_row_inner css=\u00bb.vc_custom_1575534321039{padding-top: 40px !important;padding-bottom: 40px !important;}\u00bb][vc_column_inner width=\u00bb1\/4&#8243;][\/vc_column_inner][vc_column_inner width=\u00bb3\/4&#8243; css=\u00bb.vc_custom_1575534358093{background-color: rgba(170,170,170,0.4) !important;*background-color: rgb(170,170,170) !important;}\u00bb][vc_custom_heading text=\u00bbFORMULARIO DE CONTACTO\u00bb font_container=\u00bbtag:h4|font_size:18|text_align:center|color:%23ffffff\u00bb google_fonts=\u00bbfont_family:Oswald%3A300%2Cregular%2C700|font_style:700%20bold%20regular%3A700%3Anormal\u00bb]<div class=\"contact font-primary\">\n<div class=\"wpcf7 no-js\" id=\"wpcf7-f3670-o1\" lang=\"en-US\" dir=\"ltr\" data-wpcf7-id=\"3670\">\n<div class=\"screen-reader-response\"><p role=\"status\" aria-live=\"polite\" aria-atomic=\"true\"><\/p> <ul><\/ul><\/div>\n<form action=\"\/es\/wp-json\/wp\/v2\/pages\/4492#wpcf7-f3670-o1\" method=\"post\" class=\"wpcf7-form init\" aria-label=\"Contact form\" novalidate=\"novalidate\" data-status=\"init\">\n<fieldset class=\"hidden-fields-container\"><input type=\"hidden\" name=\"_wpcf7\" value=\"3670\" \/><input type=\"hidden\" name=\"_wpcf7_version\" value=\"6.1.2\" \/><input type=\"hidden\" name=\"_wpcf7_locale\" value=\"en_US\" \/><input type=\"hidden\" name=\"_wpcf7_unit_tag\" value=\"wpcf7-f3670-o1\" \/><input type=\"hidden\" name=\"_wpcf7_container_post\" value=\"0\" \/><input type=\"hidden\" name=\"_wpcf7_posted_data_hash\" value=\"\" \/><input type=\"hidden\" name=\"_wpcf7_recaptcha_response\" value=\"\" \/>\n<\/fieldset>\n<div class=\"col-md-12\">\n\t<p class=\"form-customer\">\n\t<\/p>\n\t<p><span class=\"wpcf7-form-control-wrap\" data-name=\"name-i\"><input size=\"40\" maxlength=\"400\" class=\"wpcf7-form-control wpcf7-text wpcf7-validates-as-required\" aria-required=\"true\" aria-invalid=\"false\" placeholder=\"Nombre\" value=\"\" type=\"text\" name=\"name-i\" \/><\/span>\n\t<\/p>\n<\/div>\n<div class=\"col-md-12\">\n\t<p class=\"form-customer\">\n\t<\/p>\n\t<p><span class=\"wpcf7-form-control-wrap\" data-name=\"tel-i\"><input size=\"40\" maxlength=\"400\" class=\"wpcf7-form-control wpcf7-text\" aria-invalid=\"false\" placeholder=\"Telefono\" value=\"\" type=\"text\" name=\"tel-i\" \/><\/span>\n\t<\/p>\n<\/div>\n<div class=\"col-md-12\">\n\t<p class=\"form-customer\">\n\t<\/p>\n\t<p><span class=\"wpcf7-form-control-wrap\" data-name=\"email-i\"><input size=\"40\" maxlength=\"400\" class=\"wpcf7-form-control wpcf7-email wpcf7-validates-as-required wpcf7-text wpcf7-validates-as-email\" aria-required=\"true\" aria-invalid=\"false\" placeholder=\"Email\" value=\"\" type=\"email\" name=\"email-i\" \/><\/span>\n\t<\/p>\n<\/div>\n<div class=\"col-md-12\">\n\t<p class=\"form-customer\">\n\t<\/p>\n\t<p><span class=\"wpcf7-form-control-wrap\" data-name=\"date-i\"><input size=\"40\" maxlength=\"400\" class=\"wpcf7-form-control wpcf7-text\" aria-invalid=\"false\" placeholder=\"Fecha del evento\" value=\"\" type=\"text\" name=\"date-i\" \/><\/span>\n\t<\/p>\n<\/div>\n<div class=\"col-md-12\">\n\t<p class=\"form-customer\">\n\t<\/p>\n\t<p><span class=\"wpcf7-form-control-wrap\" data-name=\"place-i\"><input size=\"40\" maxlength=\"400\" class=\"wpcf7-form-control wpcf7-text\" aria-invalid=\"false\" placeholder=\"Lugar del evento\" value=\"\" type=\"text\" name=\"place-i\" \/><\/span>\n\t<\/p>\n<\/div>\n<div class=\"col-md-12\">\n\t<p class=\"form-customer\">\n\t<\/p>\n\t<p><span class=\"wpcf7-form-control-wrap\" data-name=\"num-i\"><input size=\"40\" maxlength=\"400\" class=\"wpcf7-form-control wpcf7-text\" aria-invalid=\"false\" placeholder=\"Numero de invitados\" value=\"\" type=\"text\" name=\"num-i\" \/><\/span>\n\t<\/p>\n<\/div>\n<div class=\"col-md-12\">\n\t<p class=\"form-customer\">\n\t<\/p>\n\t<p><span class=\"wpcf7-form-control-wrap\" data-name=\"asunto-i\"><input size=\"40\" maxlength=\"400\" class=\"wpcf7-form-control wpcf7-text\" aria-invalid=\"false\" placeholder=\"Asunto\" value=\"\" type=\"text\" name=\"asunto-i\" \/><\/span>\n\t<\/p>\n<\/div>\n<div class=\"col-md-12\">\n\t<p class=\"form-customer\">\n\t<\/p>\n\t<p><span class=\"wpcf7-form-control-wrap\" data-name=\"other-info\"><textarea cols=\"40\" rows=\"10\" maxlength=\"2000\" class=\"wpcf7-form-control wpcf7-textarea wpcf7-validates-as-required\" aria-required=\"true\" aria-invalid=\"false\" placeholder=\"OTRA INFO\" name=\"other-info\"><\/textarea><\/span>\n\t<\/p>\n<\/div>\n<div class=\"clearfix\">\n<\/div>\n<div class=\"rgpd\">\n\t<p><span>Responsable\/Identidad: Q Premium group ibiza S.L. - CIF: B57953275 - Dir. postal: Av. Pedro Matutes Noguera 40 CP:07800 Illes Ballears (Espa\u00f1a), Correo Electr\u00f3nico: info@anastasia-mcqueen.com.<\/span>\n\t<\/p>\n\t<p><span>En nombre de la empresa tratamos la informaci\u00f3n que nos facilita con el fin de prestarles el servicio solicitado, realizar la facturaci\u00f3n del mismo. Los datos proporcionados se conservar\u00e1n mientras se mantenga la relaci\u00f3n comercial o durante los a\u00f1os necesarios para cumplir con las obligaciones legales. Los datos no se ceder\u00e1n a terceros salvo en los casos en que exista una obligaci\u00f3n legal. Usted tiene derecho a obtener confirmaci\u00f3n sobre si en Q Premium group ibiza S.L. estamos tratando sus datos personales por tanto tiene derecho a acceder a sus datos personales, rectificar los datos inexactos o solicitar su supresi\u00f3n cuando los datos ya no sean necesarios.<\/span>\n\t<\/p>\n\t<p><span>Asimismo solicito su autorizaci\u00f3n para ofrecerle productos y servicios relacionados con los solicitados y fidelizarle como cliente.<\/span>\n\t<\/p>\n\t<p><span class=\"wpcf7-form-control-wrap\" data-name=\"checkbox-1\"><span class=\"wpcf7-form-control wpcf7-checkbox wpcf7-validates-as-required wpcf7-exclusive-checkbox\"><span class=\"wpcf7-list-item first\"><input type=\"checkbox\" name=\"checkbox-1\" value=\"SI\" \/><span class=\"wpcf7-list-item-label\">SI<\/span><\/span><span class=\"wpcf7-list-item last\"><input type=\"checkbox\" name=\"checkbox-1\" value=\"NO\" \/><span class=\"wpcf7-list-item-label\">NO<\/span><\/span><\/span><\/span>\n\t<\/p>\n<\/div>\n<div class=\"col-md-12\">\n\t<p><input class=\"wpcf7-form-control wpcf7-submit has-spinner\" type=\"submit\" value=\"Enviar\" \/>\n\t<\/p>\n<\/div><p style=\"display: none !important;\" class=\"akismet-fields-container\" data-prefix=\"_wpcf7_ak_\"><label>&#916;<textarea name=\"_wpcf7_ak_hp_textarea\" cols=\"45\" rows=\"8\" maxlength=\"100\"><\/textarea><\/label><input type=\"hidden\" id=\"ak_js_1\" name=\"_wpcf7_ak_js\" value=\"166\"\/><script>document.getElementById( \"ak_js_1\" ).setAttribute( \"value\", ( new Date() ).getTime() );<\/script><\/p><div class=\"wpcf7-response-output\" aria-hidden=\"true\"><\/div>\n<\/form>\n<\/div>\n<\/div>[vc_column_text css=\u00bb.vc_custom_1575534133631{margin-bottom: 30px !important;}\u00bb]<\/p>\n<div class=\"telefono\"><i class=\"fa fa-mail\"><\/i><span style=\"color: #ffffff;\"> info@anastasia-mcqueen.com<\/span><\/div>\n<div class=\"telefono\"><i class=\"fa fa-phone\"><\/i><a href=\"tel:+34 971 100 855\"><span style=\"color: #ffffff;\"> +34 971 100 855<\/span><\/a><br \/>\n<i class=\"fa fa-mobile\"><\/i><a href=\"tel:+34 646 139 249\"><span style=\"color: #ffffff;\"> +34 646 139 249<\/span><\/a><\/div>\n<p>[\/vc_column_text][\/vc_column_inner][\/vc_row_inner][\/vc_column][\/vc_row]<\/p>\n<\/section>","protected":false},"excerpt":{"rendered":"<p>[vc_row][vc_column][vc_empty_space][\/vc_column][\/vc_row][vc_row][vc_column width=\u00bb1\/6&#8243;][\/vc_column][vc_column width=\u00bb2\/3&#8243;][vc_video link=\u00bbhttps:\/\/www.youtube.com\/watch?v=Oozl0oe_uB4&#8243; align=\u00bbcenter\u00bb][\/vc_column][vc_column width=\u00bb1\/6&#8243;][\/vc_column][\/vc_row][vc_row][vc_column][vc_custom_heading text=\u00bbSHOW SAXO NAVIDADES\u00bb font_container=\u00bbtag:h1|text_align:left\u00bb google_fonts=\u00bbfont_family:Oswald%3A300%2Cregular%2C700|font_style:400%20regular%3A400%3Anormal\u00bb][vc_column_text]Una opci\u00f3n de show y espect\u00e1culo distinto para las navidades, Anastasia toca canciones cl\u00e1sicas navide\u00f1as con el saxo seguido de m\u00fasica actual que har\u00e1n que empiece la fiesta en cualquier lugar! Su vestido sexy y elegante de santa claus impresionar\u00e1 a sus invitados y har\u00e1n que su evento navide\u00f1o sea distinto al resto.[\/vc_column_text][\/vc_column][\/vc_row][vc_row][vc_column][vc_empty_space][\/vc_column][\/vc_row][vc_row el_id=\u00bbcontact\u00bb color_scheme=\u00bbwhite\u00bb content_width=\u00bbfullwidth\u00bb css=\u00bb.vc_custom_1581593096351{padding-bottom: 0px !important;background-image: url(https:\/\/anastasia-mcqueen.com\/wp-content\/uploads\/2016\/08\/contact_compressed.jpg?id=2531) [&hellip;]<\/p>\n","protected":false},"author":1,"featured_media":0,"parent":0,"menu_order":0,"comment_status":"closed","ping_status":"closed","template":"","meta":{"footnotes":""},"class_list":["post-4492","page","type-page","status-publish","hentry"],"yoast_head":"<!-- This site is optimized with the Yoast SEO plugin v26.1.1 - https:\/\/yoast.com\/wordpress\/plugins\/seo\/ -->\n<title>Show Saxof\u00f3n navidades &amp; fin de a\u00f1o &#8211; Anastasia Mcqueen<\/title>\n<meta name=\"description\" content=\"Saxofonista para navidades &amp; fin de a\u00f1o. Anastasia McQueen cuenta con a\u00f1os de experiencia tocando el los principales eventos de lujo por todo el mundo.\" \/>\n<meta name=\"robots\" content=\"index, follow, max-snippet:-1, max-image-preview:large, max-video-preview:-1\" \/>\n<link rel=\"canonical\" href=\"https:\/\/anastasia-mcqueen.com\/es\/show-saxo-navidades\/\" \/>\n<meta property=\"og:locale\" content=\"es_ES\" \/>\n<meta property=\"og:type\" content=\"article\" \/>\n<meta property=\"og:title\" content=\"Show Saxof\u00f3n navidades &amp; fin de a\u00f1o &#8211; Anastasia Mcqueen\" \/>\n<meta property=\"og:description\" content=\"Saxofonista para navidades &amp; fin de a\u00f1o. Anastasia McQueen cuenta con a\u00f1os de experiencia tocando el los principales eventos de lujo por todo el mundo.\" \/>\n<meta property=\"og:url\" content=\"https:\/\/anastasia-mcqueen.com\/es\/show-saxo-navidades\/\" \/>\n<meta property=\"og:site_name\" content=\"Anastasia Mcqueen\" \/>\n<meta property=\"article:modified_time\" content=\"2020-02-13T11:33:00+00:00\" \/>\n<meta property=\"og:image\" content=\"https:\/\/anastasia-mcqueen.com\/wp-content\/uploads\/2019\/10\/logo_compressed2.png\" \/>\n\t<meta property=\"og:image:width\" content=\"999\" \/>\n\t<meta property=\"og:image:height\" content=\"444\" \/>\n\t<meta property=\"og:image:type\" content=\"image\/png\" \/>\n<meta name=\"twitter:card\" content=\"summary_large_image\" \/>\n<meta name=\"twitter:label1\" content=\"Tiempo de lectura\" \/>\n\t<meta name=\"twitter:data1\" content=\"2 minutos\" \/>\n<script type=\"application\/ld+json\" class=\"yoast-schema-graph\">{\"@context\":\"https:\/\/schema.org\",\"@graph\":[{\"@type\":\"WebPage\",\"@id\":\"https:\/\/anastasia-mcqueen.com\/es\/show-saxo-navidades\/\",\"url\":\"https:\/\/anastasia-mcqueen.com\/es\/show-saxo-navidades\/\",\"name\":\"Show Saxof\u00f3n navidades & fin de a\u00f1o &#8211; Anastasia Mcqueen\",\"isPartOf\":{\"@id\":\"https:\/\/anastasia-mcqueen.com\/#website\"},\"datePublished\":\"2019-12-05T10:46:25+00:00\",\"dateModified\":\"2020-02-13T11:33:00+00:00\",\"description\":\"Saxofonista para navidades & fin de a\u00f1o. Anastasia McQueen cuenta con a\u00f1os de experiencia tocando el los principales eventos de lujo por todo el mundo.\",\"breadcrumb\":{\"@id\":\"https:\/\/anastasia-mcqueen.com\/es\/show-saxo-navidades\/#breadcrumb\"},\"inLanguage\":\"es\",\"potentialAction\":[{\"@type\":\"ReadAction\",\"target\":[\"https:\/\/anastasia-mcqueen.com\/es\/show-saxo-navidades\/\"]}]},{\"@type\":\"BreadcrumbList\",\"@id\":\"https:\/\/anastasia-mcqueen.com\/es\/show-saxo-navidades\/#breadcrumb\",\"itemListElement\":[{\"@type\":\"ListItem\",\"position\":1,\"name\":\"Home\",\"item\":\"https:\/\/anastasia-mcqueen.com\/es\/\"},{\"@type\":\"ListItem\",\"position\":2,\"name\":\"Show Saxof\u00f3n navidades &#038; fin de a\u00f1o\"}]},{\"@type\":\"WebSite\",\"@id\":\"https:\/\/anastasia-mcqueen.com\/#website\",\"url\":\"https:\/\/anastasia-mcqueen.com\/\",\"name\":\"Anastasia Mcqueen\",\"description\":\"International female saxophone player based in Ibiza\",\"publisher\":{\"@id\":\"https:\/\/anastasia-mcqueen.com\/#\/schema\/person\/8b63f14e0c523261f55ce6f01812b668\"},\"potentialAction\":[{\"@type\":\"SearchAction\",\"target\":{\"@type\":\"EntryPoint\",\"urlTemplate\":\"https:\/\/anastasia-mcqueen.com\/?s={search_term_string}\"},\"query-input\":{\"@type\":\"PropertyValueSpecification\",\"valueRequired\":true,\"valueName\":\"search_term_string\"}}],\"inLanguage\":\"es\"},{\"@type\":[\"Person\",\"Organization\"],\"@id\":\"https:\/\/anastasia-mcqueen.com\/#\/schema\/person\/8b63f14e0c523261f55ce6f01812b668\",\"name\":\"anastasia-mcqueen\",\"logo\":{\"@id\":\"https:\/\/anastasia-mcqueen.com\/#\/schema\/person\/image\/\"}}]}<\/script>\n<!-- \/ Yoast SEO plugin. -->","yoast_head_json":{"title":"Show Saxof\u00f3n navidades & fin de a\u00f1o &#8211; Anastasia Mcqueen","description":"Saxofonista para navidades & fin de a\u00f1o. Anastasia McQueen cuenta con a\u00f1os de experiencia tocando el los principales eventos de lujo por todo el mundo.","robots":{"index":"index","follow":"follow","max-snippet":"max-snippet:-1","max-image-preview":"max-image-preview:large","max-video-preview":"max-video-preview:-1"},"canonical":"https:\/\/anastasia-mcqueen.com\/es\/show-saxo-navidades\/","og_locale":"es_ES","og_type":"article","og_title":"Show Saxof\u00f3n navidades & fin de a\u00f1o &#8211; Anastasia Mcqueen","og_description":"Saxofonista para navidades & fin de a\u00f1o. Anastasia McQueen cuenta con a\u00f1os de experiencia tocando el los principales eventos de lujo por todo el mundo.","og_url":"https:\/\/anastasia-mcqueen.com\/es\/show-saxo-navidades\/","og_site_name":"Anastasia Mcqueen","article_modified_time":"2020-02-13T11:33:00+00:00","og_image":[{"width":999,"height":444,"url":"https:\/\/anastasia-mcqueen.com\/wp-content\/uploads\/2019\/10\/logo_compressed2.png","type":"image\/png"}],"twitter_card":"summary_large_image","twitter_misc":{"Tiempo de lectura":"2 minutos"},"schema":{"@context":"https:\/\/schema.org","@graph":[{"@type":"WebPage","@id":"https:\/\/anastasia-mcqueen.com\/es\/show-saxo-navidades\/","url":"https:\/\/anastasia-mcqueen.com\/es\/show-saxo-navidades\/","name":"Show Saxof\u00f3n navidades & fin de a\u00f1o &#8211; Anastasia Mcqueen","isPartOf":{"@id":"https:\/\/anastasia-mcqueen.com\/#website"},"datePublished":"2019-12-05T10:46:25+00:00","dateModified":"2020-02-13T11:33:00+00:00","description":"Saxofonista para navidades & fin de a\u00f1o. Anastasia McQueen cuenta con a\u00f1os de experiencia tocando el los principales eventos de lujo por todo el mundo.","breadcrumb":{"@id":"https:\/\/anastasia-mcqueen.com\/es\/show-saxo-navidades\/#breadcrumb"},"inLanguage":"es","potentialAction":[{"@type":"ReadAction","target":["https:\/\/anastasia-mcqueen.com\/es\/show-saxo-navidades\/"]}]},{"@type":"BreadcrumbList","@id":"https:\/\/anastasia-mcqueen.com\/es\/show-saxo-navidades\/#breadcrumb","itemListElement":[{"@type":"ListItem","position":1,"name":"Home","item":"https:\/\/anastasia-mcqueen.com\/es\/"},{"@type":"ListItem","position":2,"name":"Show Saxof\u00f3n navidades &#038; fin de a\u00f1o"}]},{"@type":"WebSite","@id":"https:\/\/anastasia-mcqueen.com\/#website","url":"https:\/\/anastasia-mcqueen.com\/","name":"Anastasia Mcqueen","description":"International female saxophone player based in Ibiza","publisher":{"@id":"https:\/\/anastasia-mcqueen.com\/#\/schema\/person\/8b63f14e0c523261f55ce6f01812b668"},"potentialAction":[{"@type":"SearchAction","target":{"@type":"EntryPoint","urlTemplate":"https:\/\/anastasia-mcqueen.com\/?s={search_term_string}"},"query-input":{"@type":"PropertyValueSpecification","valueRequired":true,"valueName":"search_term_string"}}],"inLanguage":"es"},{"@type":["Person","Organization"],"@id":"https:\/\/anastasia-mcqueen.com\/#\/schema\/person\/8b63f14e0c523261f55ce6f01812b668","name":"anastasia-mcqueen","logo":{"@id":"https:\/\/anastasia-mcqueen.com\/#\/schema\/person\/image\/"}}]}},"_links":{"self":[{"href":"https:\/\/anastasia-mcqueen.com\/es\/wp-json\/wp\/v2\/pages\/4492","targetHints":{"allow":["GET"]}}],"collection":[{"href":"https:\/\/anastasia-mcqueen.com\/es\/wp-json\/wp\/v2\/pages"}],"about":[{"href":"https:\/\/anastasia-mcqueen.com\/es\/wp-json\/wp\/v2\/types\/page"}],"author":[{"embeddable":true,"href":"https:\/\/anastasia-mcqueen.com\/es\/wp-json\/wp\/v2\/users\/1"}],"replies":[{"embeddable":true,"href":"https:\/\/anastasia-mcqueen.com\/es\/wp-json\/wp\/v2\/comments?post=4492"}],"version-history":[{"count":2,"href":"https:\/\/anastasia-mcqueen.com\/es\/wp-json\/wp\/v2\/pages\/4492\/revisions"}],"predecessor-version":[{"id":4955,"href":"https:\/\/anastasia-mcqueen.com\/es\/wp-json\/wp\/v2\/pages\/4492\/revisions\/4955"}],"wp:attachment":[{"href":"https:\/\/anastasia-mcqueen.com\/es\/wp-json\/wp\/v2\/media?parent=4492"}],"curies":[{"name":"wp","href":"https:\/\/api.w.org\/{rel}","templated":true}]}}